{"id":7043,"date":"2025-10-22T16:27:51","date_gmt":"2025-10-22T14:27:51","guid":{"rendered":"https:\/\/swiss-bike-rental.ch\/?post_type=product&#038;p=7043"},"modified":"2025-10-22T16:54:14","modified_gmt":"2025-10-22T14:54:14","slug":"tern-hsd","status":"publish","type":"product","link":"https:\/\/swiss-bike-rental.ch\/en\/produit\/tern-hsd\/","title":{"rendered":"Tern HSD"},"content":{"rendered":"<p>Un excellent v\u00e9lo cargo pour les couples, petites familles et\/ou les charges lourdes! 1 place enfant ou adulte, capacit\u00e9 de charge de 80 kg.<\/p>\n<h2 class=\"h2\" style=\"text-align: center;\">V\u00e9lo cargo \u00e9lectrique compact Tern HSD<\/h2>\n<div class=\"full-description showLessOrMore\">\n<h2 class=\"pb-4 text-2xl font-header\">Puissant mais compact<\/h2>\n<p class=\"md:text-sm lg:text-base\">Le HSD est le choix id\u00e9al si vous souhaitez profiter des avantages d&#8217;un v\u00e9lo de transport tout en appr\u00e9ciant le confort et la maniabilit\u00e9 d&#8217;un v\u00e9lo moins encombrant. Le HSD est compact, maniable et plus court qu&#8217;un v\u00e9lo normal, mais il peut transporter 180 kg. Et gr\u00e2ce \u00e0 des composants de premi\u00e8re classe, \u00e0 des tests de laboratoire rigoureux et \u00e0 la certification UL 2849, vous pouvez \u00eatre s\u00fbr de poss\u00e9der un v\u00e9lo s\u00fbr et fiable.<\/p>\n<\/div>\n","protected":false},"excerpt":{"rendered":"<p>Un excellent v\u00e9lo cargo pour les couples, petites familles et\/ou les charges lourdes! 1 place enfant ou adulte, capacit\u00e9 de charge de 80 kg.<\/p>\n<p>Prix d\u00e9gressif :<\/p>\n<div class=\"day-ranges-pricing-plan\"><span class=\"range-days\">2 \u00e0 3 jours <b>-10%<\/b><\/span><\/div>\n<div class=\"day-ranges-pricing-plan\"><span class=\"range-days\">3 \u00e0 5 jours <b>-15%<\/b><\/span><\/div>\n<div class=\"day-ranges-pricing-plan\"><span class=\"range-days\">5 \u00e0 8 jours <b>-20%<\/b><\/span><\/div>\n<div class=\"day-ranges-pricing-plan\"><span class=\"range-days\">8 \u00e0 12 jours <b>-25%<\/b><\/span><\/div>\n","protected":false},"featured_media":7056,"template":"","meta":[],"product_brand":[],"product_cat":[65,64,69,74,66],"product_tag":[],"class_list":{"0":"post-7043","1":"product","2":"type-product","3":"status-publish","4":"has-post-thumbnail","6":"product_cat-a-la-ville","7":"product_cat-en-famille","8":"product_cat-en-solo","9":"product_cat-tous-nos-velos","10":"product_cat-vae-ville-25","12":"first","13":"instock","14":"shipping-taxable","15":"purchasable","16":"product-type-redq_rental"},"yoast_head":"<!-- This site is optimized with the Yoast SEO plugin v27.5 - https:\/\/yoast.com\/product\/yoast-seo-wordpress\/ -->\n<title>Tern HSD - Swiss bike rental<\/title>\n<meta name=\"robots\" content=\"index, follow, max-snippet:-1, max-image-preview:large, max-video-preview:-1\" \/>\n<link rel=\"canonical\" href=\"https:\/\/swiss-bike-rental.ch\/produit\/tern-hsd\/\" \/>\n<meta property=\"og:locale\" content=\"en_US\" \/>\n<meta property=\"og:type\" content=\"article\" \/>\n<meta property=\"og:title\" content=\"Tern HSD - Swiss bike rental\" \/>\n<meta property=\"og:description\" content=\"Un excellent v\u00e9lo cargo pour les couples, petites familles et\/ou les charges lourdes! 1 place enfant ou adulte, capacit\u00e9 de charge de 80 kg.  Prix d\u00e9gressif : 2 \u00e0 3 jours -10% 3 \u00e0 5 jours -15% 5 \u00e0 8 jours -20% 8 \u00e0 12 jours -25%\" \/>\n<meta property=\"og:url\" content=\"https:\/\/swiss-bike-rental.ch\/produit\/tern-hsd\/\" \/>\n<meta property=\"og:site_name\" content=\"Swiss bike rental\" \/>\n<meta property=\"article:publisher\" content=\"https:\/\/www.facebook.com\/cyclablesuisse\" \/>\n<meta property=\"article:modified_time\" content=\"2025-10-22T14:54:14+00:00\" \/>\n<meta property=\"og:image\" content=\"https:\/\/swiss-bike-rental.ch\/wp-content\/uploads\/2025\/10\/TN-photo-HSD_P10-gen2-orange-web.jpg-e1761144773437.webp\" \/>\n\t<meta property=\"og:image:width\" content=\"800\" \/>\n\t<meta property=\"og:image:height\" content=\"532\" \/>\n\t<meta property=\"og:image:type\" content=\"image\/webp\" \/>\n<meta name=\"twitter:card\" content=\"summary_large_image\" \/>\n<meta name=\"twitter:label1\" content=\"Est. reading time\" \/>\n\t<meta name=\"twitter:data1\" content=\"1 minute\" \/>\n<script type=\"application\/ld+json\" class=\"yoast-schema-graph\">{\"@context\":\"https:\\\/\\\/schema.org\",\"@graph\":[{\"@type\":\"WebPage\",\"@id\":\"https:\\\/\\\/swiss-bike-rental.ch\\\/produit\\\/tern-hsd\\\/\",\"url\":\"https:\\\/\\\/swiss-bike-rental.ch\\\/produit\\\/tern-hsd\\\/\",\"name\":\"Tern HSD - Swiss bike rental\",\"isPartOf\":{\"@id\":\"https:\\\/\\\/swiss-bike-rental.ch\\\/#website\"},\"primaryImageOfPage\":{\"@id\":\"https:\\\/\\\/swiss-bike-rental.ch\\\/produit\\\/tern-hsd\\\/#primaryimage\"},\"image\":{\"@id\":\"https:\\\/\\\/swiss-bike-rental.ch\\\/produit\\\/tern-hsd\\\/#primaryimage\"},\"thumbnailUrl\":\"https:\\\/\\\/swiss-bike-rental.ch\\\/wp-content\\\/uploads\\\/2025\\\/10\\\/TN-photo-HSD_P10-gen2-orange-web.jpg-e1761144773437.webp\",\"datePublished\":\"2025-10-22T14:27:51+00:00\",\"dateModified\":\"2025-10-22T14:54:14+00:00\",\"breadcrumb\":{\"@id\":\"https:\\\/\\\/swiss-bike-rental.ch\\\/produit\\\/tern-hsd\\\/#breadcrumb\"},\"inLanguage\":\"en-US\",\"potentialAction\":[{\"@type\":\"ReadAction\",\"target\":[\"https:\\\/\\\/swiss-bike-rental.ch\\\/produit\\\/tern-hsd\\\/\"]}]},{\"@type\":\"ImageObject\",\"inLanguage\":\"en-US\",\"@id\":\"https:\\\/\\\/swiss-bike-rental.ch\\\/produit\\\/tern-hsd\\\/#primaryimage\",\"url\":\"https:\\\/\\\/swiss-bike-rental.ch\\\/wp-content\\\/uploads\\\/2025\\\/10\\\/TN-photo-HSD_P10-gen2-orange-web.jpg-e1761144773437.webp\",\"contentUrl\":\"https:\\\/\\\/swiss-bike-rental.ch\\\/wp-content\\\/uploads\\\/2025\\\/10\\\/TN-photo-HSD_P10-gen2-orange-web.jpg-e1761144773437.webp\",\"width\":800,\"height\":532},{\"@type\":\"BreadcrumbList\",\"@id\":\"https:\\\/\\\/swiss-bike-rental.ch\\\/produit\\\/tern-hsd\\\/#breadcrumb\",\"itemListElement\":[{\"@type\":\"ListItem\",\"position\":1,\"name\":\"Accueil\",\"item\":\"https:\\\/\\\/swiss-bike-rental.ch\\\/en\\\/\"},{\"@type\":\"ListItem\",\"position\":2,\"name\":\"Nos v\u00e9los en location\",\"item\":\"https:\\\/\\\/swiss-bike-rental.ch\\\/boutique\\\/\"},{\"@type\":\"ListItem\",\"position\":3,\"name\":\"Tern HSD\"}]},{\"@type\":\"WebSite\",\"@id\":\"https:\\\/\\\/swiss-bike-rental.ch\\\/#website\",\"url\":\"https:\\\/\\\/swiss-bike-rental.ch\\\/\",\"name\":\"Swiss Bike Rental\",\"description\":\"D\u00e9vouvrez les bords du L\u00e9man en v\u00e9lo \u00e9lectrique !\",\"publisher\":{\"@id\":\"https:\\\/\\\/swiss-bike-rental.ch\\\/#organization\"},\"potentialAction\":[{\"@type\":\"SearchAction\",\"target\":{\"@type\":\"EntryPoint\",\"urlTemplate\":\"https:\\\/\\\/swiss-bike-rental.ch\\\/?s={search_term_string}\"},\"query-input\":{\"@type\":\"PropertyValueSpecification\",\"valueRequired\":true,\"valueName\":\"search_term_string\"}}],\"inLanguage\":\"en-US\"},{\"@type\":\"Organization\",\"@id\":\"https:\\\/\\\/swiss-bike-rental.ch\\\/#organization\",\"name\":\"Swiss Bike Rental\",\"url\":\"https:\\\/\\\/swiss-bike-rental.ch\\\/\",\"logo\":{\"@type\":\"ImageObject\",\"inLanguage\":\"en-US\",\"@id\":\"https:\\\/\\\/swiss-bike-rental.ch\\\/#\\\/schema\\\/logo\\\/image\\\/\",\"url\":\"https:\\\/\\\/swiss-bike-rental.ch\\\/wp-content\\\/uploads\\\/2023\\\/03\\\/logo_location.png\",\"contentUrl\":\"https:\\\/\\\/swiss-bike-rental.ch\\\/wp-content\\\/uploads\\\/2023\\\/03\\\/logo_location.png\",\"width\":663,\"height\":255,\"caption\":\"Swiss Bike Rental\"},\"image\":{\"@id\":\"https:\\\/\\\/swiss-bike-rental.ch\\\/#\\\/schema\\\/logo\\\/image\\\/\"},\"sameAs\":[\"https:\\\/\\\/www.facebook.com\\\/cyclablesuisse\",\"https:\\\/\\\/www.instagram.com\\\/cyclable_suisse\\\/\"]}]}<\/script>\n<!-- \/ Yoast SEO plugin. -->","yoast_head_json":{"title":"Tern HSD - Swiss bike rental","robots":{"index":"index","follow":"follow","max-snippet":"max-snippet:-1","max-image-preview":"max-image-preview:large","max-video-preview":"max-video-preview:-1"},"canonical":"https:\/\/swiss-bike-rental.ch\/produit\/tern-hsd\/","og_locale":"en_US","og_type":"article","og_title":"Tern HSD - Swiss bike rental","og_description":"Un excellent v\u00e9lo cargo pour les couples, petites familles et\/ou les charges lourdes! 1 place enfant ou adulte, capacit\u00e9 de charge de 80 kg.  Prix d\u00e9gressif : 2 \u00e0 3 jours -10% 3 \u00e0 5 jours -15% 5 \u00e0 8 jours -20% 8 \u00e0 12 jours -25%","og_url":"https:\/\/swiss-bike-rental.ch\/produit\/tern-hsd\/","og_site_name":"Swiss bike rental","article_publisher":"https:\/\/www.facebook.com\/cyclablesuisse","article_modified_time":"2025-10-22T14:54:14+00:00","og_image":[{"width":800,"height":532,"url":"https:\/\/swiss-bike-rental.ch\/wp-content\/uploads\/2025\/10\/TN-photo-HSD_P10-gen2-orange-web.jpg-e1761144773437.webp","type":"image\/webp"}],"twitter_card":"summary_large_image","twitter_misc":{"Est. reading time":"1 minute"},"schema":{"@context":"https:\/\/schema.org","@graph":[{"@type":"WebPage","@id":"https:\/\/swiss-bike-rental.ch\/produit\/tern-hsd\/","url":"https:\/\/swiss-bike-rental.ch\/produit\/tern-hsd\/","name":"Tern HSD - Swiss bike rental","isPartOf":{"@id":"https:\/\/swiss-bike-rental.ch\/#website"},"primaryImageOfPage":{"@id":"https:\/\/swiss-bike-rental.ch\/produit\/tern-hsd\/#primaryimage"},"image":{"@id":"https:\/\/swiss-bike-rental.ch\/produit\/tern-hsd\/#primaryimage"},"thumbnailUrl":"https:\/\/swiss-bike-rental.ch\/wp-content\/uploads\/2025\/10\/TN-photo-HSD_P10-gen2-orange-web.jpg-e1761144773437.webp","datePublished":"2025-10-22T14:27:51+00:00","dateModified":"2025-10-22T14:54:14+00:00","breadcrumb":{"@id":"https:\/\/swiss-bike-rental.ch\/produit\/tern-hsd\/#breadcrumb"},"inLanguage":"en-US","potentialAction":[{"@type":"ReadAction","target":["https:\/\/swiss-bike-rental.ch\/produit\/tern-hsd\/"]}]},{"@type":"ImageObject","inLanguage":"en-US","@id":"https:\/\/swiss-bike-rental.ch\/produit\/tern-hsd\/#primaryimage","url":"https:\/\/swiss-bike-rental.ch\/wp-content\/uploads\/2025\/10\/TN-photo-HSD_P10-gen2-orange-web.jpg-e1761144773437.webp","contentUrl":"https:\/\/swiss-bike-rental.ch\/wp-content\/uploads\/2025\/10\/TN-photo-HSD_P10-gen2-orange-web.jpg-e1761144773437.webp","width":800,"height":532},{"@type":"BreadcrumbList","@id":"https:\/\/swiss-bike-rental.ch\/produit\/tern-hsd\/#breadcrumb","itemListElement":[{"@type":"ListItem","position":1,"name":"Accueil","item":"https:\/\/swiss-bike-rental.ch\/en\/"},{"@type":"ListItem","position":2,"name":"Nos v\u00e9los en location","item":"https:\/\/swiss-bike-rental.ch\/boutique\/"},{"@type":"ListItem","position":3,"name":"Tern HSD"}]},{"@type":"WebSite","@id":"https:\/\/swiss-bike-rental.ch\/#website","url":"https:\/\/swiss-bike-rental.ch\/","name":"Swiss Bike Rental","description":"D\u00e9vouvrez les bords du L\u00e9man en v\u00e9lo \u00e9lectrique !","publisher":{"@id":"https:\/\/swiss-bike-rental.ch\/#organization"},"potentialAction":[{"@type":"SearchAction","target":{"@type":"EntryPoint","urlTemplate":"https:\/\/swiss-bike-rental.ch\/?s={search_term_string}"},"query-input":{"@type":"PropertyValueSpecification","valueRequired":true,"valueName":"search_term_string"}}],"inLanguage":"en-US"},{"@type":"Organization","@id":"https:\/\/swiss-bike-rental.ch\/#organization","name":"Swiss Bike Rental","url":"https:\/\/swiss-bike-rental.ch\/","logo":{"@type":"ImageObject","inLanguage":"en-US","@id":"https:\/\/swiss-bike-rental.ch\/#\/schema\/logo\/image\/","url":"https:\/\/swiss-bike-rental.ch\/wp-content\/uploads\/2023\/03\/logo_location.png","contentUrl":"https:\/\/swiss-bike-rental.ch\/wp-content\/uploads\/2023\/03\/logo_location.png","width":663,"height":255,"caption":"Swiss Bike Rental"},"image":{"@id":"https:\/\/swiss-bike-rental.ch\/#\/schema\/logo\/image\/"},"sameAs":["https:\/\/www.facebook.com\/cyclablesuisse","https:\/\/www.instagram.com\/cyclable_suisse\/"]}]}},"_links":{"self":[{"href":"https:\/\/swiss-bike-rental.ch\/en\/wp-json\/wp\/v2\/product\/7043","targetHints":{"allow":["GET"]}}],"collection":[{"href":"https:\/\/swiss-bike-rental.ch\/en\/wp-json\/wp\/v2\/product"}],"about":[{"href":"https:\/\/swiss-bike-rental.ch\/en\/wp-json\/wp\/v2\/types\/product"}],"wp:featuredmedia":[{"embeddable":true,"href":"https:\/\/swiss-bike-rental.ch\/en\/wp-json\/wp\/v2\/media\/7056"}],"wp:attachment":[{"href":"https:\/\/swiss-bike-rental.ch\/en\/wp-json\/wp\/v2\/media?parent=7043"}],"wp:term":[{"taxonomy":"product_brand","embeddable":true,"href":"https:\/\/swiss-bike-rental.ch\/en\/wp-json\/wp\/v2\/product_brand?post=7043"},{"taxonomy":"product_cat","embeddable":true,"href":"https:\/\/swiss-bike-rental.ch\/en\/wp-json\/wp\/v2\/product_cat?post=7043"},{"taxonomy":"product_tag","embeddable":true,"href":"https:\/\/swiss-bike-rental.ch\/en\/wp-json\/wp\/v2\/product_tag?post=7043"}],"curies":[{"name":"wp","href":"https:\/\/api.w.org\/{rel}","templated":true}]}}