{"id":6766,"date":"2023-03-24T13:26:31","date_gmt":"2023-03-24T12:26:31","guid":{"rendered":"https:\/\/swiss-bike-rental.ch\/produit\/urban-arrow-carqon-cruise-packster-70\/"},"modified":"2023-05-01T21:48:53","modified_gmt":"2023-05-01T19:48:53","slug":"urban-arrow-carqon-cruise-packster-70","status":"publish","type":"product","link":"https:\/\/swiss-bike-rental.ch\/en\/produit\/urban-arrow-carqon-cruise-packster-70\/","title":{"rendered":"Urban Arrow \/ Carqon Cruise \/ Packster 70"},"content":{"rendered":"<p>2-seater two-wheeler. The electric cargo bike is aimed directly at city dwellers who are looking for a credible alternative to the car or public transport for their daily trips!<\/p>\n<h2 class=\"h2\" style=\"text-align: center;\">Urban Arrow Family electric cargo bike<\/h2>\n<div class=\"full-description showLessOrMore\">\n<p>The <strong>Urban Arrow Family electric cargo bike<\/strong> is aimed directly at city dwellers who are looking for a credible alternative to the car or public transport for their daily commute! With this two-wheeler model, parents will find a great way to move serenely in the city, a classy model with a successful design and an impressive load capacity (275 kg, including the weight of the bike and the user)<\/p>\n<\/div>\n<div class=\"full-description showLessOrMore\">\n<h2 class=\"h2\" style=\"text-align: center;\">Carqon Cruise electric cargo bike<\/h2>\n<div class=\"full-description showLessOrMore\">\n<p>The <strong>Carqon Cruise electric cargo bike<\/strong> is a superb cargo bike, efficient and practical, very pleasant to ride! We appreciate the modern atmosphere of this beautiful bike, which can embark on board all the small tribe (2 children and 1 baby). Passengers and parents alike will find this a very motivating bike for everyday riding that meets the usual needs of the week and for leisure. They will cross the city with pleasure, to the school or to the lake&#8230;<\/p>\n<p>This Carqon electric cargo bike is very comfortable in urban environments. Well-balanced, it rolls easily, with a very smooth dual cable steering. It is supported by wide XL tires. These Schwalbe Super Moto-X tires are approved for EAB use and are very durable, load and puncture resistant.<\/p>\n<\/div>\n<div class=\"full-description showLessOrMore\">\n<h2 class=\"h2\" style=\"text-align: center;\">Riese &amp; M\u00fcller Packster 70 electric cargo bike<\/h2>\n<div class=\"full-description showLessOrMore\">\n<p>The <strong>Riese &amp; M\u00fcller Packster 70 electric cargo bike<\/strong> is a family bike that has been worked out in detail to make your life easier. It carries 3 children max, all the stuff of the tribe and some extra shopping. You choose your Packster 70 like you choose your car: by choosing from a wide range of options. You can not only arrange the box according to your needs, but also upgrade the basic equipment \u00e0 la carte.<\/p>\n<\/div>\n<\/div>\n<\/div>\n","protected":false},"excerpt":{"rendered":"<p>2-seater two-wheeler. The electric cargo bike is aimed directly at city dwellers who are looking for a credible alternative to the car or public transport for their daily trips!<\/p>\n<p>Tapering price :<\/p>\n<div class=\"day-ranges-pricing-plan\"><span class=\"range-days\">2 to 3 days <b>-10% off<\/b><\/span><\/div>\n<div class=\"day-ranges-pricing-plan\"><span class=\"range-days\">3 to 5 days <b>-15% off<\/b><\/span><\/div>\n<div class=\"day-ranges-pricing-plan\"><span class=\"range-days\">5 to 8 days <b>-20% off<\/b><\/span><\/div>\n<div class=\"day-ranges-pricing-plan\"><span class=\"range-days\">8 to 12 days <b>-25% off<\/b><\/span><\/div>\n","protected":false},"featured_media":6938,"template":"","meta":[],"product_brand":[],"product_cat":[91,93,92,86],"product_tag":[],"class_list":{"0":"post-6766","1":"product","2":"type-product","3":"status-publish","4":"has-post-thumbnail","6":"product_cat-all-our-bikes","7":"product_cat-biporteur-25-en","8":"product_cat-to-the-city","9":"product_cat-with-the-family","11":"first","12":"instock","13":"shipping-taxable","14":"purchasable","15":"product-type-redq_rental"},"yoast_head":"<!-- This site is optimized with the Yoast SEO plugin v27.4 - https:\/\/yoast.com\/product\/yoast-seo-wordpress\/ -->\n<title>Urban Arrow \/ Carqon Cruise \/ Packster 70 - Swiss bike rental<\/title>\n<meta name=\"robots\" content=\"index, follow, max-snippet:-1, max-image-preview:large, max-video-preview:-1\" \/>\n<link rel=\"canonical\" href=\"https:\/\/swiss-bike-rental.ch\/en\/produit\/urban-arrow-carqon-cruise-packster-70\/\" \/>\n<meta property=\"og:locale\" content=\"en_US\" \/>\n<meta property=\"og:type\" content=\"article\" \/>\n<meta property=\"og:title\" content=\"Urban Arrow \/ Carqon Cruise \/ Packster 70 - Swiss bike rental\" \/>\n<meta property=\"og:description\" content=\"2-seater two-wheeler. The electric cargo bike is aimed directly at city dwellers who are looking for a credible alternative to the car or public transport for their daily trips!  Tapering price : 2 to 3 days -10% off 3 to 5 days -15% off 5 to 8 days -20% off 8 to 12 days -25% off\" \/>\n<meta property=\"og:url\" content=\"https:\/\/swiss-bike-rental.ch\/en\/produit\/urban-arrow-carqon-cruise-packster-70\/\" \/>\n<meta property=\"og:site_name\" content=\"Swiss bike rental\" \/>\n<meta property=\"article:publisher\" content=\"https:\/\/www.facebook.com\/cyclablesuisse\" \/>\n<meta property=\"article:modified_time\" content=\"2023-05-01T19:48:53+00:00\" \/>\n<meta property=\"og:image\" content=\"https:\/\/swiss-bike-rental.ch\/wp-content\/uploads\/2023\/03\/Urban-Arrow-BIPORTEUR.jpg\" \/>\n\t<meta property=\"og:image:width\" content=\"558\" \/>\n\t<meta property=\"og:image:height\" content=\"558\" \/>\n\t<meta property=\"og:image:type\" content=\"image\/jpeg\" \/>\n<meta name=\"twitter:card\" content=\"summary_large_image\" \/>\n<meta name=\"twitter:label1\" content=\"Est. reading time\" \/>\n\t<meta name=\"twitter:data1\" content=\"2 minutes\" \/>\n<script type=\"application\/ld+json\" class=\"yoast-schema-graph\">{\"@context\":\"https:\\\/\\\/schema.org\",\"@graph\":[{\"@type\":\"WebPage\",\"@id\":\"https:\\\/\\\/swiss-bike-rental.ch\\\/en\\\/produit\\\/urban-arrow-carqon-cruise-packster-70\\\/\",\"url\":\"https:\\\/\\\/swiss-bike-rental.ch\\\/en\\\/produit\\\/urban-arrow-carqon-cruise-packster-70\\\/\",\"name\":\"Urban Arrow \\\/ Carqon Cruise \\\/ Packster 70 - Swiss bike rental\",\"isPartOf\":{\"@id\":\"https:\\\/\\\/swiss-bike-rental.ch\\\/#website\"},\"primaryImageOfPage\":{\"@id\":\"https:\\\/\\\/swiss-bike-rental.ch\\\/en\\\/produit\\\/urban-arrow-carqon-cruise-packster-70\\\/#primaryimage\"},\"image\":{\"@id\":\"https:\\\/\\\/swiss-bike-rental.ch\\\/en\\\/produit\\\/urban-arrow-carqon-cruise-packster-70\\\/#primaryimage\"},\"thumbnailUrl\":\"https:\\\/\\\/swiss-bike-rental.ch\\\/wp-content\\\/uploads\\\/2023\\\/03\\\/velo-cargo-electrique-urban-arrow-familynext.jpg\",\"datePublished\":\"2023-03-24T12:26:31+00:00\",\"dateModified\":\"2023-05-01T19:48:53+00:00\",\"breadcrumb\":{\"@id\":\"https:\\\/\\\/swiss-bike-rental.ch\\\/en\\\/produit\\\/urban-arrow-carqon-cruise-packster-70\\\/#breadcrumb\"},\"inLanguage\":\"en-US\",\"potentialAction\":[{\"@type\":\"ReadAction\",\"target\":[\"https:\\\/\\\/swiss-bike-rental.ch\\\/en\\\/produit\\\/urban-arrow-carqon-cruise-packster-70\\\/\"]}]},{\"@type\":\"ImageObject\",\"inLanguage\":\"en-US\",\"@id\":\"https:\\\/\\\/swiss-bike-rental.ch\\\/en\\\/produit\\\/urban-arrow-carqon-cruise-packster-70\\\/#primaryimage\",\"url\":\"https:\\\/\\\/swiss-bike-rental.ch\\\/wp-content\\\/uploads\\\/2023\\\/03\\\/velo-cargo-electrique-urban-arrow-familynext.jpg\",\"contentUrl\":\"https:\\\/\\\/swiss-bike-rental.ch\\\/wp-content\\\/uploads\\\/2023\\\/03\\\/velo-cargo-electrique-urban-arrow-familynext.jpg\",\"width\":800,\"height\":800},{\"@type\":\"BreadcrumbList\",\"@id\":\"https:\\\/\\\/swiss-bike-rental.ch\\\/en\\\/produit\\\/urban-arrow-carqon-cruise-packster-70\\\/#breadcrumb\",\"itemListElement\":[{\"@type\":\"ListItem\",\"position\":1,\"name\":\"Accueil\",\"item\":\"https:\\\/\\\/swiss-bike-rental.ch\\\/en\\\/\"},{\"@type\":\"ListItem\",\"position\":2,\"name\":\"Nos v\u00e9los en location\",\"item\":\"https:\\\/\\\/swiss-bike-rental.ch\\\/boutique\\\/\"},{\"@type\":\"ListItem\",\"position\":3,\"name\":\"Urban Arrow \\\/ Carqon Cruise \\\/ Packster 70\"}]},{\"@type\":\"WebSite\",\"@id\":\"https:\\\/\\\/swiss-bike-rental.ch\\\/#website\",\"url\":\"https:\\\/\\\/swiss-bike-rental.ch\\\/\",\"name\":\"Swiss Bike Rental\",\"description\":\"D\u00e9vouvrez les bords du L\u00e9man en v\u00e9lo \u00e9lectrique !\",\"publisher\":{\"@id\":\"https:\\\/\\\/swiss-bike-rental.ch\\\/#organization\"},\"potentialAction\":[{\"@type\":\"SearchAction\",\"target\":{\"@type\":\"EntryPoint\",\"urlTemplate\":\"https:\\\/\\\/swiss-bike-rental.ch\\\/?s={search_term_string}\"},\"query-input\":{\"@type\":\"PropertyValueSpecification\",\"valueRequired\":true,\"valueName\":\"search_term_string\"}}],\"inLanguage\":\"en-US\"},{\"@type\":\"Organization\",\"@id\":\"https:\\\/\\\/swiss-bike-rental.ch\\\/#organization\",\"name\":\"Swiss Bike Rental\",\"url\":\"https:\\\/\\\/swiss-bike-rental.ch\\\/\",\"logo\":{\"@type\":\"ImageObject\",\"inLanguage\":\"en-US\",\"@id\":\"https:\\\/\\\/swiss-bike-rental.ch\\\/#\\\/schema\\\/logo\\\/image\\\/\",\"url\":\"https:\\\/\\\/swiss-bike-rental.ch\\\/wp-content\\\/uploads\\\/2023\\\/03\\\/logo_location.png\",\"contentUrl\":\"https:\\\/\\\/swiss-bike-rental.ch\\\/wp-content\\\/uploads\\\/2023\\\/03\\\/logo_location.png\",\"width\":663,\"height\":255,\"caption\":\"Swiss Bike Rental\"},\"image\":{\"@id\":\"https:\\\/\\\/swiss-bike-rental.ch\\\/#\\\/schema\\\/logo\\\/image\\\/\"},\"sameAs\":[\"https:\\\/\\\/www.facebook.com\\\/cyclablesuisse\",\"https:\\\/\\\/www.instagram.com\\\/cyclable_suisse\\\/\"]}]}<\/script>\n<!-- \/ Yoast SEO plugin. -->","yoast_head_json":{"title":"Urban Arrow \/ Carqon Cruise \/ Packster 70 - Swiss bike rental","robots":{"index":"index","follow":"follow","max-snippet":"max-snippet:-1","max-image-preview":"max-image-preview:large","max-video-preview":"max-video-preview:-1"},"canonical":"https:\/\/swiss-bike-rental.ch\/en\/produit\/urban-arrow-carqon-cruise-packster-70\/","og_locale":"en_US","og_type":"article","og_title":"Urban Arrow \/ Carqon Cruise \/ Packster 70 - Swiss bike rental","og_description":"2-seater two-wheeler. The electric cargo bike is aimed directly at city dwellers who are looking for a credible alternative to the car or public transport for their daily trips!  Tapering price : 2 to 3 days -10% off 3 to 5 days -15% off 5 to 8 days -20% off 8 to 12 days -25% off","og_url":"https:\/\/swiss-bike-rental.ch\/en\/produit\/urban-arrow-carqon-cruise-packster-70\/","og_site_name":"Swiss bike rental","article_publisher":"https:\/\/www.facebook.com\/cyclablesuisse","article_modified_time":"2023-05-01T19:48:53+00:00","og_image":[{"width":558,"height":558,"url":"https:\/\/swiss-bike-rental.ch\/wp-content\/uploads\/2023\/03\/Urban-Arrow-BIPORTEUR.jpg","type":"image\/jpeg"}],"twitter_card":"summary_large_image","twitter_misc":{"Est. reading time":"2 minutes"},"schema":{"@context":"https:\/\/schema.org","@graph":[{"@type":"WebPage","@id":"https:\/\/swiss-bike-rental.ch\/en\/produit\/urban-arrow-carqon-cruise-packster-70\/","url":"https:\/\/swiss-bike-rental.ch\/en\/produit\/urban-arrow-carqon-cruise-packster-70\/","name":"Urban Arrow \/ Carqon Cruise \/ Packster 70 - Swiss bike rental","isPartOf":{"@id":"https:\/\/swiss-bike-rental.ch\/#website"},"primaryImageOfPage":{"@id":"https:\/\/swiss-bike-rental.ch\/en\/produit\/urban-arrow-carqon-cruise-packster-70\/#primaryimage"},"image":{"@id":"https:\/\/swiss-bike-rental.ch\/en\/produit\/urban-arrow-carqon-cruise-packster-70\/#primaryimage"},"thumbnailUrl":"https:\/\/swiss-bike-rental.ch\/wp-content\/uploads\/2023\/03\/velo-cargo-electrique-urban-arrow-familynext.jpg","datePublished":"2023-03-24T12:26:31+00:00","dateModified":"2023-05-01T19:48:53+00:00","breadcrumb":{"@id":"https:\/\/swiss-bike-rental.ch\/en\/produit\/urban-arrow-carqon-cruise-packster-70\/#breadcrumb"},"inLanguage":"en-US","potentialAction":[{"@type":"ReadAction","target":["https:\/\/swiss-bike-rental.ch\/en\/produit\/urban-arrow-carqon-cruise-packster-70\/"]}]},{"@type":"ImageObject","inLanguage":"en-US","@id":"https:\/\/swiss-bike-rental.ch\/en\/produit\/urban-arrow-carqon-cruise-packster-70\/#primaryimage","url":"https:\/\/swiss-bike-rental.ch\/wp-content\/uploads\/2023\/03\/velo-cargo-electrique-urban-arrow-familynext.jpg","contentUrl":"https:\/\/swiss-bike-rental.ch\/wp-content\/uploads\/2023\/03\/velo-cargo-electrique-urban-arrow-familynext.jpg","width":800,"height":800},{"@type":"BreadcrumbList","@id":"https:\/\/swiss-bike-rental.ch\/en\/produit\/urban-arrow-carqon-cruise-packster-70\/#breadcrumb","itemListElement":[{"@type":"ListItem","position":1,"name":"Accueil","item":"https:\/\/swiss-bike-rental.ch\/en\/"},{"@type":"ListItem","position":2,"name":"Nos v\u00e9los en location","item":"https:\/\/swiss-bike-rental.ch\/boutique\/"},{"@type":"ListItem","position":3,"name":"Urban Arrow \/ Carqon Cruise \/ Packster 70"}]},{"@type":"WebSite","@id":"https:\/\/swiss-bike-rental.ch\/#website","url":"https:\/\/swiss-bike-rental.ch\/","name":"Swiss Bike Rental","description":"D\u00e9vouvrez les bords du L\u00e9man en v\u00e9lo \u00e9lectrique !","publisher":{"@id":"https:\/\/swiss-bike-rental.ch\/#organization"},"potentialAction":[{"@type":"SearchAction","target":{"@type":"EntryPoint","urlTemplate":"https:\/\/swiss-bike-rental.ch\/?s={search_term_string}"},"query-input":{"@type":"PropertyValueSpecification","valueRequired":true,"valueName":"search_term_string"}}],"inLanguage":"en-US"},{"@type":"Organization","@id":"https:\/\/swiss-bike-rental.ch\/#organization","name":"Swiss Bike Rental","url":"https:\/\/swiss-bike-rental.ch\/","logo":{"@type":"ImageObject","inLanguage":"en-US","@id":"https:\/\/swiss-bike-rental.ch\/#\/schema\/logo\/image\/","url":"https:\/\/swiss-bike-rental.ch\/wp-content\/uploads\/2023\/03\/logo_location.png","contentUrl":"https:\/\/swiss-bike-rental.ch\/wp-content\/uploads\/2023\/03\/logo_location.png","width":663,"height":255,"caption":"Swiss Bike Rental"},"image":{"@id":"https:\/\/swiss-bike-rental.ch\/#\/schema\/logo\/image\/"},"sameAs":["https:\/\/www.facebook.com\/cyclablesuisse","https:\/\/www.instagram.com\/cyclable_suisse\/"]}]}},"_links":{"self":[{"href":"https:\/\/swiss-bike-rental.ch\/en\/wp-json\/wp\/v2\/product\/6766","targetHints":{"allow":["GET"]}}],"collection":[{"href":"https:\/\/swiss-bike-rental.ch\/en\/wp-json\/wp\/v2\/product"}],"about":[{"href":"https:\/\/swiss-bike-rental.ch\/en\/wp-json\/wp\/v2\/types\/product"}],"wp:featuredmedia":[{"embeddable":true,"href":"https:\/\/swiss-bike-rental.ch\/en\/wp-json\/wp\/v2\/media\/6938"}],"wp:attachment":[{"href":"https:\/\/swiss-bike-rental.ch\/en\/wp-json\/wp\/v2\/media?parent=6766"}],"wp:term":[{"taxonomy":"product_brand","embeddable":true,"href":"https:\/\/swiss-bike-rental.ch\/en\/wp-json\/wp\/v2\/product_brand?post=6766"},{"taxonomy":"product_cat","embeddable":true,"href":"https:\/\/swiss-bike-rental.ch\/en\/wp-json\/wp\/v2\/product_cat?post=6766"},{"taxonomy":"product_tag","embeddable":true,"href":"https:\/\/swiss-bike-rental.ch\/en\/wp-json\/wp\/v2\/product_tag?post=6766"}],"curies":[{"name":"wp","href":"https:\/\/api.w.org\/{rel}","templated":true}]}}