{"id":6764,"date":"2023-03-24T13:38:23","date_gmt":"2023-03-24T12:38:23","guid":{"rendered":"https:\/\/swiss-bike-rental.ch\/produit\/babboe-flow-babboe-curve\/"},"modified":"2023-05-01T21:47:58","modified_gmt":"2023-05-01T19:47:58","slug":"babboe-flow-babboe-curve","status":"publish","type":"product","link":"https:\/\/swiss-bike-rental.ch\/en\/produit\/babboe-flow-babboe-curve\/","title":{"rendered":"Babboe Flow \/ Babboe Curve"},"content":{"rendered":"<p>Scooter 2 seats. The Babboe Mountain electric cargo bike is an ideal scooter for transporting your children by bike in a fun and easy way!<\/p>\n<h2 class=\"h2\" style=\"text-align: center;\">Babboe Flow Mountain electric scooter<\/h2>\n<div class=\"full-description showLessOrMore\">\n<p>The <strong>Babboe Flow Mountain electric scooter<\/strong> has the same design and dimensions as the Carve Mountain model. Unlike the Carve, it does not use a pendulum mechanism for steering. He prefers the &#8220;Flow&#8221; experience, which offers a more familiar riding sensation, closer to that of a classic bike.<\/p>\n<p>The Flow offers an excellent balance between the natural stability of a scooter and the maneuverability of a regular bike. When turning, the tray stays in place, it does not move. Only the front wheels turn. It is noticeable that the sides of the bin are hollowed out to allow sufficient room for the rotation of the wheels.<\/p>\n<p>The Babboe Flow in the Mountain version is the most powerful model, which allows you to face difficult courses with confidence. It is ideal if you encounter long climbs on your journey. The assistance is entrusted to the Yamaha PW-ST pedal motor. Its behavior is particularly dynamic, especially when starting on a hill. The 500 Wh battery is located inside the tray, under the bench.<\/p>\n<h2 class=\"h2\" style=\"text-align: center;\">Babboe Curve Mountain electric cargo bike<\/h2>\n<div class=\"full-description showLessOrMore\">\n<p>The <strong>Babboe Curve Mountain electric cargo bike<\/strong> is an ideal scooter for transporting children by bike in a fun way!<\/p>\n<p>In this Mountain version, the Curve electric scooter is able to ride efficiently on long climbs. As its name indicates, it is designed to take difficult roads. Equally at home in the city or in the hilly backcountry, it can be used by any cyclist: simply adjust the height of the saddle and handlebars to suit your height (between 1.57 and 1.98 m).<\/p>\n<\/div>\n<\/div>\n","protected":false},"excerpt":{"rendered":"<p>Scooter 2 seats. The Babboe Mountain electric cargo bike is an ideal scooter for transporting your children by bike in a fun and easy way!<\/p>\n<p>Tapering price :<\/p>\n<div class=\"day-ranges-pricing-plan\"><span class=\"range-days\">2 to 3 days <b>-10% off<\/b><\/span><\/div>\n<div class=\"day-ranges-pricing-plan\"><span class=\"range-days\">3 to 5 days <b>-15% off<\/b><\/span><\/div>\n<div class=\"day-ranges-pricing-plan\"><span class=\"range-days\">5 to 8 days <b>-20% off<\/b><\/span><\/div>\n<div class=\"day-ranges-pricing-plan\"><span class=\"range-days\">8 to 12 days <b>-25% off<\/b><\/span><\/div>\n","protected":false},"featured_media":6923,"template":"","meta":[],"product_brand":[],"product_cat":[91,92,86],"product_tag":[],"class_list":{"0":"post-6764","1":"product","2":"type-product","3":"status-publish","4":"has-post-thumbnail","6":"product_cat-all-our-bikes","7":"product_cat-to-the-city","8":"product_cat-with-the-family","10":"first","11":"instock","12":"shipping-taxable","13":"purchasable","14":"product-type-redq_rental"},"yoast_head":"<!-- This site is optimized with the Yoast SEO plugin v27.4 - https:\/\/yoast.com\/product\/yoast-seo-wordpress\/ -->\n<title>Babboe Flow \/ Babboe Curve - Swiss bike rental<\/title>\n<meta name=\"robots\" content=\"index, follow, max-snippet:-1, max-image-preview:large, max-video-preview:-1\" \/>\n<link rel=\"canonical\" href=\"https:\/\/swiss-bike-rental.ch\/en\/produit\/babboe-flow-babboe-curve\/\" \/>\n<meta property=\"og:locale\" content=\"en_US\" \/>\n<meta property=\"og:type\" content=\"article\" \/>\n<meta property=\"og:title\" content=\"Babboe Flow \/ Babboe Curve - Swiss bike rental\" \/>\n<meta property=\"og:description\" content=\"Scooter 2 seats. The Babboe Mountain electric cargo bike is an ideal scooter for transporting your children by bike in a fun and easy way!  Tapering price : 2 to 3 days -10% off 3 to 5 days -15% off 5 to 8 days -20% off 8 to 12 days -25% off\" \/>\n<meta property=\"og:url\" content=\"https:\/\/swiss-bike-rental.ch\/en\/produit\/babboe-flow-babboe-curve\/\" \/>\n<meta property=\"og:site_name\" content=\"Swiss bike rental\" \/>\n<meta property=\"article:publisher\" content=\"https:\/\/www.facebook.com\/cyclablesuisse\" \/>\n<meta property=\"article:modified_time\" content=\"2023-05-01T19:47:58+00:00\" \/>\n<meta property=\"og:image\" content=\"https:\/\/swiss-bike-rental.ch\/wp-content\/uploads\/2023\/03\/triporteur-electrique-triobike-boxter-cl-1.jpg\" \/>\n\t<meta property=\"og:image:width\" content=\"800\" \/>\n\t<meta property=\"og:image:height\" content=\"800\" \/>\n\t<meta property=\"og:image:type\" content=\"image\/jpeg\" \/>\n<meta name=\"twitter:card\" content=\"summary_large_image\" \/>\n<meta name=\"twitter:label1\" content=\"Est. reading time\" \/>\n\t<meta name=\"twitter:data1\" content=\"2 minutes\" \/>\n<script type=\"application\/ld+json\" class=\"yoast-schema-graph\">{\"@context\":\"https:\\\/\\\/schema.org\",\"@graph\":[{\"@type\":\"WebPage\",\"@id\":\"https:\\\/\\\/swiss-bike-rental.ch\\\/en\\\/produit\\\/babboe-flow-babboe-curve\\\/\",\"url\":\"https:\\\/\\\/swiss-bike-rental.ch\\\/en\\\/produit\\\/babboe-flow-babboe-curve\\\/\",\"name\":\"Babboe Flow \\\/ Babboe Curve - Swiss bike rental\",\"isPartOf\":{\"@id\":\"https:\\\/\\\/swiss-bike-rental.ch\\\/#website\"},\"primaryImageOfPage\":{\"@id\":\"https:\\\/\\\/swiss-bike-rental.ch\\\/en\\\/produit\\\/babboe-flow-babboe-curve\\\/#primaryimage\"},\"image\":{\"@id\":\"https:\\\/\\\/swiss-bike-rental.ch\\\/en\\\/produit\\\/babboe-flow-babboe-curve\\\/#primaryimage\"},\"thumbnailUrl\":\"https:\\\/\\\/swiss-bike-rental.ch\\\/wp-content\\\/uploads\\\/2023\\\/03\\\/triporteur-electrique-triobike-boxter-cl-1.jpg\",\"datePublished\":\"2023-03-24T12:38:23+00:00\",\"dateModified\":\"2023-05-01T19:47:58+00:00\",\"breadcrumb\":{\"@id\":\"https:\\\/\\\/swiss-bike-rental.ch\\\/en\\\/produit\\\/babboe-flow-babboe-curve\\\/#breadcrumb\"},\"inLanguage\":\"en-US\",\"potentialAction\":[{\"@type\":\"ReadAction\",\"target\":[\"https:\\\/\\\/swiss-bike-rental.ch\\\/en\\\/produit\\\/babboe-flow-babboe-curve\\\/\"]}]},{\"@type\":\"ImageObject\",\"inLanguage\":\"en-US\",\"@id\":\"https:\\\/\\\/swiss-bike-rental.ch\\\/en\\\/produit\\\/babboe-flow-babboe-curve\\\/#primaryimage\",\"url\":\"https:\\\/\\\/swiss-bike-rental.ch\\\/wp-content\\\/uploads\\\/2023\\\/03\\\/triporteur-electrique-triobike-boxter-cl-1.jpg\",\"contentUrl\":\"https:\\\/\\\/swiss-bike-rental.ch\\\/wp-content\\\/uploads\\\/2023\\\/03\\\/triporteur-electrique-triobike-boxter-cl-1.jpg\",\"width\":800,\"height\":800},{\"@type\":\"BreadcrumbList\",\"@id\":\"https:\\\/\\\/swiss-bike-rental.ch\\\/en\\\/produit\\\/babboe-flow-babboe-curve\\\/#breadcrumb\",\"itemListElement\":[{\"@type\":\"ListItem\",\"position\":1,\"name\":\"Accueil\",\"item\":\"https:\\\/\\\/swiss-bike-rental.ch\\\/en\\\/\"},{\"@type\":\"ListItem\",\"position\":2,\"name\":\"Nos v\u00e9los en location\",\"item\":\"https:\\\/\\\/swiss-bike-rental.ch\\\/boutique\\\/\"},{\"@type\":\"ListItem\",\"position\":3,\"name\":\"Babboe Flow \\\/ Babboe Curve\"}]},{\"@type\":\"WebSite\",\"@id\":\"https:\\\/\\\/swiss-bike-rental.ch\\\/#website\",\"url\":\"https:\\\/\\\/swiss-bike-rental.ch\\\/\",\"name\":\"Swiss Bike Rental\",\"description\":\"D\u00e9vouvrez les bords du L\u00e9man en v\u00e9lo \u00e9lectrique !\",\"publisher\":{\"@id\":\"https:\\\/\\\/swiss-bike-rental.ch\\\/#organization\"},\"potentialAction\":[{\"@type\":\"SearchAction\",\"target\":{\"@type\":\"EntryPoint\",\"urlTemplate\":\"https:\\\/\\\/swiss-bike-rental.ch\\\/?s={search_term_string}\"},\"query-input\":{\"@type\":\"PropertyValueSpecification\",\"valueRequired\":true,\"valueName\":\"search_term_string\"}}],\"inLanguage\":\"en-US\"},{\"@type\":\"Organization\",\"@id\":\"https:\\\/\\\/swiss-bike-rental.ch\\\/#organization\",\"name\":\"Swiss Bike Rental\",\"url\":\"https:\\\/\\\/swiss-bike-rental.ch\\\/\",\"logo\":{\"@type\":\"ImageObject\",\"inLanguage\":\"en-US\",\"@id\":\"https:\\\/\\\/swiss-bike-rental.ch\\\/#\\\/schema\\\/logo\\\/image\\\/\",\"url\":\"https:\\\/\\\/swiss-bike-rental.ch\\\/wp-content\\\/uploads\\\/2023\\\/03\\\/logo_location.png\",\"contentUrl\":\"https:\\\/\\\/swiss-bike-rental.ch\\\/wp-content\\\/uploads\\\/2023\\\/03\\\/logo_location.png\",\"width\":663,\"height\":255,\"caption\":\"Swiss Bike Rental\"},\"image\":{\"@id\":\"https:\\\/\\\/swiss-bike-rental.ch\\\/#\\\/schema\\\/logo\\\/image\\\/\"},\"sameAs\":[\"https:\\\/\\\/www.facebook.com\\\/cyclablesuisse\",\"https:\\\/\\\/www.instagram.com\\\/cyclable_suisse\\\/\"]}]}<\/script>\n<!-- \/ Yoast SEO plugin. -->","yoast_head_json":{"title":"Babboe Flow \/ Babboe Curve - Swiss bike rental","robots":{"index":"index","follow":"follow","max-snippet":"max-snippet:-1","max-image-preview":"max-image-preview:large","max-video-preview":"max-video-preview:-1"},"canonical":"https:\/\/swiss-bike-rental.ch\/en\/produit\/babboe-flow-babboe-curve\/","og_locale":"en_US","og_type":"article","og_title":"Babboe Flow \/ Babboe Curve - Swiss bike rental","og_description":"Scooter 2 seats. The Babboe Mountain electric cargo bike is an ideal scooter for transporting your children by bike in a fun and easy way!  Tapering price : 2 to 3 days -10% off 3 to 5 days -15% off 5 to 8 days -20% off 8 to 12 days -25% off","og_url":"https:\/\/swiss-bike-rental.ch\/en\/produit\/babboe-flow-babboe-curve\/","og_site_name":"Swiss bike rental","article_publisher":"https:\/\/www.facebook.com\/cyclablesuisse","article_modified_time":"2023-05-01T19:47:58+00:00","og_image":[{"width":800,"height":800,"url":"https:\/\/swiss-bike-rental.ch\/wp-content\/uploads\/2023\/03\/triporteur-electrique-triobike-boxter-cl-1.jpg","type":"image\/jpeg"}],"twitter_card":"summary_large_image","twitter_misc":{"Est. reading time":"2 minutes"},"schema":{"@context":"https:\/\/schema.org","@graph":[{"@type":"WebPage","@id":"https:\/\/swiss-bike-rental.ch\/en\/produit\/babboe-flow-babboe-curve\/","url":"https:\/\/swiss-bike-rental.ch\/en\/produit\/babboe-flow-babboe-curve\/","name":"Babboe Flow \/ Babboe Curve - Swiss bike rental","isPartOf":{"@id":"https:\/\/swiss-bike-rental.ch\/#website"},"primaryImageOfPage":{"@id":"https:\/\/swiss-bike-rental.ch\/en\/produit\/babboe-flow-babboe-curve\/#primaryimage"},"image":{"@id":"https:\/\/swiss-bike-rental.ch\/en\/produit\/babboe-flow-babboe-curve\/#primaryimage"},"thumbnailUrl":"https:\/\/swiss-bike-rental.ch\/wp-content\/uploads\/2023\/03\/triporteur-electrique-triobike-boxter-cl-1.jpg","datePublished":"2023-03-24T12:38:23+00:00","dateModified":"2023-05-01T19:47:58+00:00","breadcrumb":{"@id":"https:\/\/swiss-bike-rental.ch\/en\/produit\/babboe-flow-babboe-curve\/#breadcrumb"},"inLanguage":"en-US","potentialAction":[{"@type":"ReadAction","target":["https:\/\/swiss-bike-rental.ch\/en\/produit\/babboe-flow-babboe-curve\/"]}]},{"@type":"ImageObject","inLanguage":"en-US","@id":"https:\/\/swiss-bike-rental.ch\/en\/produit\/babboe-flow-babboe-curve\/#primaryimage","url":"https:\/\/swiss-bike-rental.ch\/wp-content\/uploads\/2023\/03\/triporteur-electrique-triobike-boxter-cl-1.jpg","contentUrl":"https:\/\/swiss-bike-rental.ch\/wp-content\/uploads\/2023\/03\/triporteur-electrique-triobike-boxter-cl-1.jpg","width":800,"height":800},{"@type":"BreadcrumbList","@id":"https:\/\/swiss-bike-rental.ch\/en\/produit\/babboe-flow-babboe-curve\/#breadcrumb","itemListElement":[{"@type":"ListItem","position":1,"name":"Accueil","item":"https:\/\/swiss-bike-rental.ch\/en\/"},{"@type":"ListItem","position":2,"name":"Nos v\u00e9los en location","item":"https:\/\/swiss-bike-rental.ch\/boutique\/"},{"@type":"ListItem","position":3,"name":"Babboe Flow \/ Babboe Curve"}]},{"@type":"WebSite","@id":"https:\/\/swiss-bike-rental.ch\/#website","url":"https:\/\/swiss-bike-rental.ch\/","name":"Swiss Bike Rental","description":"D\u00e9vouvrez les bords du L\u00e9man en v\u00e9lo \u00e9lectrique !","publisher":{"@id":"https:\/\/swiss-bike-rental.ch\/#organization"},"potentialAction":[{"@type":"SearchAction","target":{"@type":"EntryPoint","urlTemplate":"https:\/\/swiss-bike-rental.ch\/?s={search_term_string}"},"query-input":{"@type":"PropertyValueSpecification","valueRequired":true,"valueName":"search_term_string"}}],"inLanguage":"en-US"},{"@type":"Organization","@id":"https:\/\/swiss-bike-rental.ch\/#organization","name":"Swiss Bike Rental","url":"https:\/\/swiss-bike-rental.ch\/","logo":{"@type":"ImageObject","inLanguage":"en-US","@id":"https:\/\/swiss-bike-rental.ch\/#\/schema\/logo\/image\/","url":"https:\/\/swiss-bike-rental.ch\/wp-content\/uploads\/2023\/03\/logo_location.png","contentUrl":"https:\/\/swiss-bike-rental.ch\/wp-content\/uploads\/2023\/03\/logo_location.png","width":663,"height":255,"caption":"Swiss Bike Rental"},"image":{"@id":"https:\/\/swiss-bike-rental.ch\/#\/schema\/logo\/image\/"},"sameAs":["https:\/\/www.facebook.com\/cyclablesuisse","https:\/\/www.instagram.com\/cyclable_suisse\/"]}]}},"_links":{"self":[{"href":"https:\/\/swiss-bike-rental.ch\/en\/wp-json\/wp\/v2\/product\/6764","targetHints":{"allow":["GET"]}}],"collection":[{"href":"https:\/\/swiss-bike-rental.ch\/en\/wp-json\/wp\/v2\/product"}],"about":[{"href":"https:\/\/swiss-bike-rental.ch\/en\/wp-json\/wp\/v2\/types\/product"}],"wp:featuredmedia":[{"embeddable":true,"href":"https:\/\/swiss-bike-rental.ch\/en\/wp-json\/wp\/v2\/media\/6923"}],"wp:attachment":[{"href":"https:\/\/swiss-bike-rental.ch\/en\/wp-json\/wp\/v2\/media?parent=6764"}],"wp:term":[{"taxonomy":"product_brand","embeddable":true,"href":"https:\/\/swiss-bike-rental.ch\/en\/wp-json\/wp\/v2\/product_brand?post=6764"},{"taxonomy":"product_cat","embeddable":true,"href":"https:\/\/swiss-bike-rental.ch\/en\/wp-json\/wp\/v2\/product_cat?post=6764"},{"taxonomy":"product_tag","embeddable":true,"href":"https:\/\/swiss-bike-rental.ch\/en\/wp-json\/wp\/v2\/product_tag?post=6764"}],"curies":[{"name":"wp","href":"https:\/\/api.w.org\/{rel}","templated":true}]}}