{"id":6758,"date":"2023-03-24T14:28:14","date_gmt":"2023-03-24T13:28:14","guid":{"rendered":"https:\/\/swiss-bike-rental.ch\/produit\/riesemuller-roadster-riesemuller-superdelite\/"},"modified":"2023-05-01T21:45:36","modified_gmt":"2023-05-01T19:45:36","slug":"riesemuller-roadster-riesemuller-superdelite","status":"publish","type":"product","link":"https:\/\/swiss-bike-rental.ch\/en\/produit\/riesemuller-roadster-riesemuller-superdelite\/","title":{"rendered":"Riese&#038;Muller Roadster \/ Riese&#038;Muller Superdelite"},"content":{"rendered":"<p>Ride faster to Geneva or Lausanne with the Speed Bike!<\/p>\n<h2 class=\"h2\" style=\"text-align: center;\">Riese&amp;M\u00fcller Roadster electric VTC<\/h2>\n<h4>The Roadster. The most beautiful way to reach your destination.<\/h4>\n<p class=\"m01-header-animated__wrapper-content poster\"><span class=\"m01-header-animated__content-copy\">Sporty lightness and straightforward design: the Roadster gets you there quickly, and with even more fun thanks to its 625 Wh battery. However, it remains agile and safe thanks to its optimal weight distribution. Its Schwalbe G-One tires will allow you to fully enjoy the speed. Combined with its comfortable equipment, this sportiness makes the Roadster the ideal urban bike. <\/span><\/p>\n<h2 class=\"h2\" style=\"text-align: center;\">Riese&amp;M\u00fcller Superdelite electric bike<\/h2>\n<div class=\"full-description showLessOrMore\">\n<p>The <strong>Riese&amp;M\u00fcller Superdelite electric bike<\/strong> is a particularly versatile, comfortable, sporty and very durable model. It proposes to ensure your daily journeys in the city. It allows you to escape easily on the roads and more discreet paths, for beautiful and long relaxing walks.<\/p>\n<p>The Superdelite&#8217;s big strength is its integrated dual battery system, which powers the powerful Bosch Performance CX motor. These 2 batteries offer a total capacity of 1125 Wh, with a 500 Wh PowerTube in the horizontal tube and a 625 Wh PowerTube in the diagonal tube. With this secure autonomy, you can enjoy the assistance longer between 2 recharges, you can program long rides without risking the breakdown. The Performance CX system delivers a sporty, highly dynamic assist that allows you to ride efficiently on rough roads. Standard equipment, the Intuvia console allows to manage the assistance.<\/p>\n<h4><strong>An all-suspended EAB for the comfort and safety of the cyclist<\/strong><\/h4>\n<p>Another strong point of the Superdelite is that it is an all-suspension bike, with front and rear suspensions offering 100 mm of travel. This configuration is appreciable both from the point of view of comfort and safety. Suntour suspensions give you a better feel on the road and trails, a softer, smoother feel. Together with the shock absorber and Control Technology, the rear triangle follows the changes in the terrain to provide maximum grip at the rear wheel.<\/p>\n<p>This Riese&amp;M\u00fcller Superdelite electric bike is in 27,5&#8243; format. It is shod with wide, durable Schwalbe Super Moto-X tires, perfect for long rides on roads and trails.<\/p>\n<p>Among the standard components are the powerful Magura MT4\/MT5 hydraulic disc brakes, the ergonomic handles, the numerous accessories (side stand, suspended luggage rack, mudguards, Abus folding lock). The Supernova M99 lighting system is very efficient (rear brake light, daytime running lights and front headlights).<\/p>\n<\/div>\n","protected":false},"excerpt":{"rendered":"<p>Ride faster to Geneva or Lausanne with the Speed Bike!<\/p>\n<p><strong><span style=\"color: #ff0000;\">Bicycle 45km\/h<\/span><\/strong><\/p>\n<p>A minimum of a category M license (moped license) is required for anyone driving a &#8220;45km\/h&#8221; electric bicycle<a href=\"https:\/\/www.admin.ch\/opc\/fr\/classified-compilation\/19760247\/index.html#a3\" target=\"_blank\" rel=\"noopener noreferrer\">(art. 3 para. 3 OAC<\/a>).<\/p>\n<p>Tapering price :<\/p>\n<div class=\"day-ranges-pricing-plan\"><span class=\"range-days\">2 to 3 days <b>-10% off<\/b><\/span><\/div>\n<div class=\"day-ranges-pricing-plan\"><span class=\"range-days\">3 to 5 days <b>-15% off<\/b><\/span><\/div>\n<div class=\"day-ranges-pricing-plan\"><span class=\"range-days\">5 to 8 days <b>-20% off<\/b><\/span><\/div>\n<div class=\"day-ranges-pricing-plan\"><span class=\"range-days\">8 to 12 days <b>-25% off<\/b><\/span><\/div>\n","protected":false},"featured_media":6593,"template":"","meta":[],"product_brand":[],"product_cat":[91,89,92,108,86],"product_tag":[],"class_list":{"0":"post-6758","1":"product","2":"type-product","3":"status-publish","4":"has-post-thumbnail","6":"product_cat-all-our-bikes","7":"product_cat-solo","8":"product_cat-to-the-city","9":"product_cat-vae-city-45","10":"product_cat-with-the-family","12":"first","13":"outofstock","14":"shipping-taxable","15":"purchasable","16":"product-type-redq_rental"},"yoast_head":"<!-- This site is optimized with the Yoast SEO plugin v27.4 - https:\/\/yoast.com\/product\/yoast-seo-wordpress\/ -->\n<title>Riese&amp;Muller Roadster \/ Riese&amp;Muller Superdelite - Swiss bike rental<\/title>\n<meta name=\"robots\" content=\"index, follow, max-snippet:-1, max-image-preview:large, max-video-preview:-1\" \/>\n<link rel=\"canonical\" href=\"https:\/\/swiss-bike-rental.ch\/en\/produit\/riesemuller-roadster-riesemuller-superdelite\/\" \/>\n<meta property=\"og:locale\" content=\"en_US\" \/>\n<meta property=\"og:type\" content=\"article\" \/>\n<meta property=\"og:title\" content=\"Riese&amp;Muller Roadster \/ Riese&amp;Muller Superdelite - Swiss bike rental\" \/>\n<meta property=\"og:description\" content=\"Ride faster to Geneva or Lausanne with the Speed Bike!  Bicycle 45km\/h  A minimum of a category M license (moped license) is required for anyone driving a &quot;45km\/h&quot; electric bicycle(art. 3 para. 3 OAC).  Tapering price : 2 to 3 days -10% off 3 to 5 days -15% off 5 to 8 days -20% off 8 to 12 days -25% off\" \/>\n<meta property=\"og:url\" content=\"https:\/\/swiss-bike-rental.ch\/en\/produit\/riesemuller-roadster-riesemuller-superdelite\/\" \/>\n<meta property=\"og:site_name\" content=\"Swiss bike rental\" \/>\n<meta property=\"article:publisher\" content=\"https:\/\/www.facebook.com\/cyclablesuisse\" \/>\n<meta property=\"article:modified_time\" content=\"2023-05-01T19:45:36+00:00\" \/>\n<meta property=\"og:image\" content=\"https:\/\/swiss-bike-rental.ch\/wp-content\/uploads\/2023\/03\/main_F73336BKN_0_82a4.png.jpeg\" \/>\n\t<meta property=\"og:image:width\" content=\"1024\" \/>\n\t<meta property=\"og:image:height\" content=\"1024\" \/>\n\t<meta property=\"og:image:type\" content=\"image\/jpeg\" \/>\n<meta name=\"twitter:card\" content=\"summary_large_image\" \/>\n<meta name=\"twitter:label1\" content=\"Est. reading time\" \/>\n\t<meta name=\"twitter:data1\" content=\"2 minutes\" \/>\n<script type=\"application\/ld+json\" class=\"yoast-schema-graph\">{\"@context\":\"https:\\\/\\\/schema.org\",\"@graph\":[{\"@type\":\"WebPage\",\"@id\":\"https:\\\/\\\/swiss-bike-rental.ch\\\/en\\\/produit\\\/riesemuller-roadster-riesemuller-superdelite\\\/\",\"url\":\"https:\\\/\\\/swiss-bike-rental.ch\\\/en\\\/produit\\\/riesemuller-roadster-riesemuller-superdelite\\\/\",\"name\":\"Riese&Muller Roadster \\\/ Riese&Muller Superdelite - Swiss bike rental\",\"isPartOf\":{\"@id\":\"https:\\\/\\\/swiss-bike-rental.ch\\\/#website\"},\"primaryImageOfPage\":{\"@id\":\"https:\\\/\\\/swiss-bike-rental.ch\\\/en\\\/produit\\\/riesemuller-roadster-riesemuller-superdelite\\\/#primaryimage\"},\"image\":{\"@id\":\"https:\\\/\\\/swiss-bike-rental.ch\\\/en\\\/produit\\\/riesemuller-roadster-riesemuller-superdelite\\\/#primaryimage\"},\"thumbnailUrl\":\"https:\\\/\\\/swiss-bike-rental.ch\\\/wp-content\\\/uploads\\\/2023\\\/03\\\/main_F73336BKN_0_82a4.png.jpeg\",\"datePublished\":\"2023-03-24T13:28:14+00:00\",\"dateModified\":\"2023-05-01T19:45:36+00:00\",\"breadcrumb\":{\"@id\":\"https:\\\/\\\/swiss-bike-rental.ch\\\/en\\\/produit\\\/riesemuller-roadster-riesemuller-superdelite\\\/#breadcrumb\"},\"inLanguage\":\"en-US\",\"potentialAction\":[{\"@type\":\"ReadAction\",\"target\":[\"https:\\\/\\\/swiss-bike-rental.ch\\\/en\\\/produit\\\/riesemuller-roadster-riesemuller-superdelite\\\/\"]}]},{\"@type\":\"ImageObject\",\"inLanguage\":\"en-US\",\"@id\":\"https:\\\/\\\/swiss-bike-rental.ch\\\/en\\\/produit\\\/riesemuller-roadster-riesemuller-superdelite\\\/#primaryimage\",\"url\":\"https:\\\/\\\/swiss-bike-rental.ch\\\/wp-content\\\/uploads\\\/2023\\\/03\\\/main_F73336BKN_0_82a4.png.jpeg\",\"contentUrl\":\"https:\\\/\\\/swiss-bike-rental.ch\\\/wp-content\\\/uploads\\\/2023\\\/03\\\/main_F73336BKN_0_82a4.png.jpeg\",\"width\":1024,\"height\":1024},{\"@type\":\"BreadcrumbList\",\"@id\":\"https:\\\/\\\/swiss-bike-rental.ch\\\/en\\\/produit\\\/riesemuller-roadster-riesemuller-superdelite\\\/#breadcrumb\",\"itemListElement\":[{\"@type\":\"ListItem\",\"position\":1,\"name\":\"Accueil\",\"item\":\"https:\\\/\\\/swiss-bike-rental.ch\\\/en\\\/\"},{\"@type\":\"ListItem\",\"position\":2,\"name\":\"Nos v\u00e9los en location\",\"item\":\"https:\\\/\\\/swiss-bike-rental.ch\\\/boutique\\\/\"},{\"@type\":\"ListItem\",\"position\":3,\"name\":\"Riese&#038;Muller Roadster \\\/ Riese&#038;Muller Superdelite\"}]},{\"@type\":\"WebSite\",\"@id\":\"https:\\\/\\\/swiss-bike-rental.ch\\\/#website\",\"url\":\"https:\\\/\\\/swiss-bike-rental.ch\\\/\",\"name\":\"Swiss Bike Rental\",\"description\":\"D\u00e9vouvrez les bords du L\u00e9man en v\u00e9lo \u00e9lectrique !\",\"publisher\":{\"@id\":\"https:\\\/\\\/swiss-bike-rental.ch\\\/#organization\"},\"potentialAction\":[{\"@type\":\"SearchAction\",\"target\":{\"@type\":\"EntryPoint\",\"urlTemplate\":\"https:\\\/\\\/swiss-bike-rental.ch\\\/?s={search_term_string}\"},\"query-input\":{\"@type\":\"PropertyValueSpecification\",\"valueRequired\":true,\"valueName\":\"search_term_string\"}}],\"inLanguage\":\"en-US\"},{\"@type\":\"Organization\",\"@id\":\"https:\\\/\\\/swiss-bike-rental.ch\\\/#organization\",\"name\":\"Swiss Bike Rental\",\"url\":\"https:\\\/\\\/swiss-bike-rental.ch\\\/\",\"logo\":{\"@type\":\"ImageObject\",\"inLanguage\":\"en-US\",\"@id\":\"https:\\\/\\\/swiss-bike-rental.ch\\\/#\\\/schema\\\/logo\\\/image\\\/\",\"url\":\"https:\\\/\\\/swiss-bike-rental.ch\\\/wp-content\\\/uploads\\\/2023\\\/03\\\/logo_location.png\",\"contentUrl\":\"https:\\\/\\\/swiss-bike-rental.ch\\\/wp-content\\\/uploads\\\/2023\\\/03\\\/logo_location.png\",\"width\":663,\"height\":255,\"caption\":\"Swiss Bike Rental\"},\"image\":{\"@id\":\"https:\\\/\\\/swiss-bike-rental.ch\\\/#\\\/schema\\\/logo\\\/image\\\/\"},\"sameAs\":[\"https:\\\/\\\/www.facebook.com\\\/cyclablesuisse\",\"https:\\\/\\\/www.instagram.com\\\/cyclable_suisse\\\/\"]}]}<\/script>\n<!-- \/ Yoast SEO plugin. -->","yoast_head_json":{"title":"Riese&Muller Roadster \/ Riese&Muller Superdelite - Swiss bike rental","robots":{"index":"index","follow":"follow","max-snippet":"max-snippet:-1","max-image-preview":"max-image-preview:large","max-video-preview":"max-video-preview:-1"},"canonical":"https:\/\/swiss-bike-rental.ch\/en\/produit\/riesemuller-roadster-riesemuller-superdelite\/","og_locale":"en_US","og_type":"article","og_title":"Riese&Muller Roadster \/ Riese&Muller Superdelite - Swiss bike rental","og_description":"Ride faster to Geneva or Lausanne with the Speed Bike!  Bicycle 45km\/h  A minimum of a category M license (moped license) is required for anyone driving a \"45km\/h\" electric bicycle(art. 3 para. 3 OAC).  Tapering price : 2 to 3 days -10% off 3 to 5 days -15% off 5 to 8 days -20% off 8 to 12 days -25% off","og_url":"https:\/\/swiss-bike-rental.ch\/en\/produit\/riesemuller-roadster-riesemuller-superdelite\/","og_site_name":"Swiss bike rental","article_publisher":"https:\/\/www.facebook.com\/cyclablesuisse","article_modified_time":"2023-05-01T19:45:36+00:00","og_image":[{"width":1024,"height":1024,"url":"https:\/\/swiss-bike-rental.ch\/wp-content\/uploads\/2023\/03\/main_F73336BKN_0_82a4.png.jpeg","type":"image\/jpeg"}],"twitter_card":"summary_large_image","twitter_misc":{"Est. reading time":"2 minutes"},"schema":{"@context":"https:\/\/schema.org","@graph":[{"@type":"WebPage","@id":"https:\/\/swiss-bike-rental.ch\/en\/produit\/riesemuller-roadster-riesemuller-superdelite\/","url":"https:\/\/swiss-bike-rental.ch\/en\/produit\/riesemuller-roadster-riesemuller-superdelite\/","name":"Riese&Muller Roadster \/ Riese&Muller Superdelite - Swiss bike rental","isPartOf":{"@id":"https:\/\/swiss-bike-rental.ch\/#website"},"primaryImageOfPage":{"@id":"https:\/\/swiss-bike-rental.ch\/en\/produit\/riesemuller-roadster-riesemuller-superdelite\/#primaryimage"},"image":{"@id":"https:\/\/swiss-bike-rental.ch\/en\/produit\/riesemuller-roadster-riesemuller-superdelite\/#primaryimage"},"thumbnailUrl":"https:\/\/swiss-bike-rental.ch\/wp-content\/uploads\/2023\/03\/main_F73336BKN_0_82a4.png.jpeg","datePublished":"2023-03-24T13:28:14+00:00","dateModified":"2023-05-01T19:45:36+00:00","breadcrumb":{"@id":"https:\/\/swiss-bike-rental.ch\/en\/produit\/riesemuller-roadster-riesemuller-superdelite\/#breadcrumb"},"inLanguage":"en-US","potentialAction":[{"@type":"ReadAction","target":["https:\/\/swiss-bike-rental.ch\/en\/produit\/riesemuller-roadster-riesemuller-superdelite\/"]}]},{"@type":"ImageObject","inLanguage":"en-US","@id":"https:\/\/swiss-bike-rental.ch\/en\/produit\/riesemuller-roadster-riesemuller-superdelite\/#primaryimage","url":"https:\/\/swiss-bike-rental.ch\/wp-content\/uploads\/2023\/03\/main_F73336BKN_0_82a4.png.jpeg","contentUrl":"https:\/\/swiss-bike-rental.ch\/wp-content\/uploads\/2023\/03\/main_F73336BKN_0_82a4.png.jpeg","width":1024,"height":1024},{"@type":"BreadcrumbList","@id":"https:\/\/swiss-bike-rental.ch\/en\/produit\/riesemuller-roadster-riesemuller-superdelite\/#breadcrumb","itemListElement":[{"@type":"ListItem","position":1,"name":"Accueil","item":"https:\/\/swiss-bike-rental.ch\/en\/"},{"@type":"ListItem","position":2,"name":"Nos v\u00e9los en location","item":"https:\/\/swiss-bike-rental.ch\/boutique\/"},{"@type":"ListItem","position":3,"name":"Riese&#038;Muller Roadster \/ Riese&#038;Muller Superdelite"}]},{"@type":"WebSite","@id":"https:\/\/swiss-bike-rental.ch\/#website","url":"https:\/\/swiss-bike-rental.ch\/","name":"Swiss Bike Rental","description":"D\u00e9vouvrez les bords du L\u00e9man en v\u00e9lo \u00e9lectrique !","publisher":{"@id":"https:\/\/swiss-bike-rental.ch\/#organization"},"potentialAction":[{"@type":"SearchAction","target":{"@type":"EntryPoint","urlTemplate":"https:\/\/swiss-bike-rental.ch\/?s={search_term_string}"},"query-input":{"@type":"PropertyValueSpecification","valueRequired":true,"valueName":"search_term_string"}}],"inLanguage":"en-US"},{"@type":"Organization","@id":"https:\/\/swiss-bike-rental.ch\/#organization","name":"Swiss Bike Rental","url":"https:\/\/swiss-bike-rental.ch\/","logo":{"@type":"ImageObject","inLanguage":"en-US","@id":"https:\/\/swiss-bike-rental.ch\/#\/schema\/logo\/image\/","url":"https:\/\/swiss-bike-rental.ch\/wp-content\/uploads\/2023\/03\/logo_location.png","contentUrl":"https:\/\/swiss-bike-rental.ch\/wp-content\/uploads\/2023\/03\/logo_location.png","width":663,"height":255,"caption":"Swiss Bike Rental"},"image":{"@id":"https:\/\/swiss-bike-rental.ch\/#\/schema\/logo\/image\/"},"sameAs":["https:\/\/www.facebook.com\/cyclablesuisse","https:\/\/www.instagram.com\/cyclable_suisse\/"]}]}},"_links":{"self":[{"href":"https:\/\/swiss-bike-rental.ch\/en\/wp-json\/wp\/v2\/product\/6758","targetHints":{"allow":["GET"]}}],"collection":[{"href":"https:\/\/swiss-bike-rental.ch\/en\/wp-json\/wp\/v2\/product"}],"about":[{"href":"https:\/\/swiss-bike-rental.ch\/en\/wp-json\/wp\/v2\/types\/product"}],"wp:featuredmedia":[{"embeddable":true,"href":"https:\/\/swiss-bike-rental.ch\/en\/wp-json\/wp\/v2\/media\/6593"}],"wp:attachment":[{"href":"https:\/\/swiss-bike-rental.ch\/en\/wp-json\/wp\/v2\/media?parent=6758"}],"wp:term":[{"taxonomy":"product_brand","embeddable":true,"href":"https:\/\/swiss-bike-rental.ch\/en\/wp-json\/wp\/v2\/product_brand?post=6758"},{"taxonomy":"product_cat","embeddable":true,"href":"https:\/\/swiss-bike-rental.ch\/en\/wp-json\/wp\/v2\/product_cat?post=6758"},{"taxonomy":"product_tag","embeddable":true,"href":"https:\/\/swiss-bike-rental.ch\/en\/wp-json\/wp\/v2\/product_tag?post=6758"}],"curies":[{"name":"wp","href":"https:\/\/api.w.org\/{rel}","templated":true}]}}