{"id":6756,"date":"2023-03-31T12:14:59","date_gmt":"2023-03-31T10:14:59","guid":{"rendered":"https:\/\/swiss-bike-rental.ch\/produit\/moustache-trail-7-medium\/"},"modified":"2023-05-01T21:44:07","modified_gmt":"2023-05-01T19:44:07","slug":"moustache-trail-7-medium","status":"publish","type":"product","link":"https:\/\/swiss-bike-rental.ch\/en\/produit\/moustache-trail-7-medium\/","title":{"rendered":"Moustache Trail 7 Medium"},"content":{"rendered":"<p>A versatile climber, agile descender, who goes for long mountain bike adventures with the powerful 750 Wh battery!<\/p>\n<h2 class=\"h2\" style=\"text-align: center;\">Moustache electric mountain bike Saturday 29 Trail 7 Medium<\/h2>\n<div class=\"full-description showLessOrMore\">\n<p>The <strong>Moustache Saturday 29 Trail 7 electric mountain bike<\/strong> is an all-mountain, versatile, durable model that is great for long off-road rides. Very good for swallowing positive elevation changes, it gives you confidence in the descent.<\/p>\n<h4><strong>A versatile and durable VTTAE that sticks to the terrain <\/strong><\/h4>\n<p>This Moustache Saturday 29 Trail 7 electric mountain bike always tries to &#8220;stick to the terrain&#8221;, to guarantee you grip and motricity. You can count on the sensitivity of the Magic Grip Control shock absorber, which absorbs shocks and erases the slightest bump. The 29&#8243; x 2.5&#8243; Maxxis Assegai tires secure the ground contact. They are mounted in Tubeless on aluminum wheels &#8220;Made in Moustache&#8221; (with Mavic hubs). The Fox 36 Float Performance fork has 150mm of travel, an easy to adjust hydraulic Grip cartridge.<\/p>\n<h4><strong>An ideal position for efficient climbing<\/strong><\/h4>\n<p>With the Moustache Saturday 29 Trail 7 electric mountain bike, you ride a modern e-bike that adapts easily to its user, from the leisure rider who discovers the VTTAE to the experienced sportsman and player who wants to challenge himself with his colleagues! Offering an efficient pedaling position, this Saturday 29 Trail 7 is very good on the uphill sections. On the other side of the mountain, it is very reassuring to drive. It draws precise lines, changes direction easily and can exploit the full speed potential of the 29&#8243;. Moustache engineers have designed a new aluminum frame to give you a more dynamic, ideally balanced bike with lots of style.<\/p>\n<\/div>\n","protected":false},"excerpt":{"rendered":"<p>A versatile climber, agile descender, who goes for long mountain bike adventures with the powerful 750 Wh battery!<\/p>\n<p>Tapering price :<\/p>\n<div class=\"day-ranges-pricing-plan\"><span class=\"range-days\">2 to 3 days <b>-10% off<\/b><\/span><\/div>\n<div class=\"day-ranges-pricing-plan\"><span class=\"range-days\">3 to 5 days <b>-15% off<\/b><\/span><\/div>\n<div class=\"day-ranges-pricing-plan\"><span class=\"range-days\">5 to 8 days <b>-20% off<\/b><\/span><\/div>\n<div class=\"day-ranges-pricing-plan\"><span class=\"range-days\">8 to 12 days <b>-25% off<\/b><\/span><\/div>\n","protected":false},"featured_media":7020,"template":"","meta":[],"product_brand":[],"product_cat":[91,87,89,88],"product_tag":[],"class_list":{"0":"post-6756","1":"product","2":"type-product","3":"status-publish","4":"has-post-thumbnail","6":"product_cat-all-our-bikes","7":"product_cat-in-the-forest","8":"product_cat-solo","9":"product_cat-vttae-en","11":"first","12":"instock","13":"shipping-taxable","14":"purchasable","15":"product-type-redq_rental"},"yoast_head":"<!-- This site is optimized with the Yoast SEO plugin v27.4 - https:\/\/yoast.com\/product\/yoast-seo-wordpress\/ -->\n<title>Moustache Trail 7 Medium - Swiss bike rental<\/title>\n<meta name=\"robots\" content=\"index, follow, max-snippet:-1, max-image-preview:large, max-video-preview:-1\" \/>\n<link rel=\"canonical\" href=\"https:\/\/swiss-bike-rental.ch\/en\/produit\/moustache-trail-7-medium\/\" \/>\n<meta property=\"og:locale\" content=\"en_US\" \/>\n<meta property=\"og:type\" content=\"article\" \/>\n<meta property=\"og:title\" content=\"Moustache Trail 7 Medium - Swiss bike rental\" \/>\n<meta property=\"og:description\" content=\"A versatile climber, agile descender, who goes for long mountain bike adventures with the powerful 750 Wh battery!  Tapering price : 2 to 3 days -10% off 3 to 5 days -15% off 5 to 8 days -20% off 8 to 12 days -25% off\" \/>\n<meta property=\"og:url\" content=\"https:\/\/swiss-bike-rental.ch\/en\/produit\/moustache-trail-7-medium\/\" \/>\n<meta property=\"og:site_name\" content=\"Swiss bike rental\" \/>\n<meta property=\"article:publisher\" content=\"https:\/\/www.facebook.com\/cyclablesuisse\" \/>\n<meta property=\"article:modified_time\" content=\"2023-05-01T19:44:07+00:00\" \/>\n<meta property=\"og:image\" content=\"https:\/\/swiss-bike-rental.ch\/wp-content\/uploads\/2023\/03\/Trail-7-M.jpg\" \/>\n\t<meta property=\"og:image:width\" content=\"558\" \/>\n\t<meta property=\"og:image:height\" content=\"558\" \/>\n\t<meta property=\"og:image:type\" content=\"image\/jpeg\" \/>\n<meta name=\"twitter:card\" content=\"summary_large_image\" \/>\n<meta name=\"twitter:label1\" content=\"Est. reading time\" \/>\n\t<meta name=\"twitter:data1\" content=\"2 minutes\" \/>\n<script type=\"application\/ld+json\" class=\"yoast-schema-graph\">{\"@context\":\"https:\\\/\\\/schema.org\",\"@graph\":[{\"@type\":\"WebPage\",\"@id\":\"https:\\\/\\\/swiss-bike-rental.ch\\\/en\\\/produit\\\/moustache-trail-7-medium\\\/\",\"url\":\"https:\\\/\\\/swiss-bike-rental.ch\\\/en\\\/produit\\\/moustache-trail-7-medium\\\/\",\"name\":\"Moustache Trail 7 Medium - Swiss bike rental\",\"isPartOf\":{\"@id\":\"https:\\\/\\\/swiss-bike-rental.ch\\\/#website\"},\"primaryImageOfPage\":{\"@id\":\"https:\\\/\\\/swiss-bike-rental.ch\\\/en\\\/produit\\\/moustache-trail-7-medium\\\/#primaryimage\"},\"image\":{\"@id\":\"https:\\\/\\\/swiss-bike-rental.ch\\\/en\\\/produit\\\/moustache-trail-7-medium\\\/#primaryimage\"},\"thumbnailUrl\":\"https:\\\/\\\/swiss-bike-rental.ch\\\/wp-content\\\/uploads\\\/2023\\\/03\\\/Cube-stereo-side-scaled.jpg\",\"datePublished\":\"2023-03-31T10:14:59+00:00\",\"dateModified\":\"2023-05-01T19:44:07+00:00\",\"breadcrumb\":{\"@id\":\"https:\\\/\\\/swiss-bike-rental.ch\\\/en\\\/produit\\\/moustache-trail-7-medium\\\/#breadcrumb\"},\"inLanguage\":\"en-US\",\"potentialAction\":[{\"@type\":\"ReadAction\",\"target\":[\"https:\\\/\\\/swiss-bike-rental.ch\\\/en\\\/produit\\\/moustache-trail-7-medium\\\/\"]}]},{\"@type\":\"ImageObject\",\"inLanguage\":\"en-US\",\"@id\":\"https:\\\/\\\/swiss-bike-rental.ch\\\/en\\\/produit\\\/moustache-trail-7-medium\\\/#primaryimage\",\"url\":\"https:\\\/\\\/swiss-bike-rental.ch\\\/wp-content\\\/uploads\\\/2023\\\/03\\\/Cube-stereo-side-scaled.jpg\",\"contentUrl\":\"https:\\\/\\\/swiss-bike-rental.ch\\\/wp-content\\\/uploads\\\/2023\\\/03\\\/Cube-stereo-side-scaled.jpg\",\"width\":2560,\"height\":1476},{\"@type\":\"BreadcrumbList\",\"@id\":\"https:\\\/\\\/swiss-bike-rental.ch\\\/en\\\/produit\\\/moustache-trail-7-medium\\\/#breadcrumb\",\"itemListElement\":[{\"@type\":\"ListItem\",\"position\":1,\"name\":\"Accueil\",\"item\":\"https:\\\/\\\/swiss-bike-rental.ch\\\/en\\\/\"},{\"@type\":\"ListItem\",\"position\":2,\"name\":\"Nos v\u00e9los en location\",\"item\":\"https:\\\/\\\/swiss-bike-rental.ch\\\/boutique\\\/\"},{\"@type\":\"ListItem\",\"position\":3,\"name\":\"Moustache Trail 7 Medium\"}]},{\"@type\":\"WebSite\",\"@id\":\"https:\\\/\\\/swiss-bike-rental.ch\\\/#website\",\"url\":\"https:\\\/\\\/swiss-bike-rental.ch\\\/\",\"name\":\"Swiss Bike Rental\",\"description\":\"D\u00e9vouvrez les bords du L\u00e9man en v\u00e9lo \u00e9lectrique !\",\"publisher\":{\"@id\":\"https:\\\/\\\/swiss-bike-rental.ch\\\/#organization\"},\"potentialAction\":[{\"@type\":\"SearchAction\",\"target\":{\"@type\":\"EntryPoint\",\"urlTemplate\":\"https:\\\/\\\/swiss-bike-rental.ch\\\/?s={search_term_string}\"},\"query-input\":{\"@type\":\"PropertyValueSpecification\",\"valueRequired\":true,\"valueName\":\"search_term_string\"}}],\"inLanguage\":\"en-US\"},{\"@type\":\"Organization\",\"@id\":\"https:\\\/\\\/swiss-bike-rental.ch\\\/#organization\",\"name\":\"Swiss Bike Rental\",\"url\":\"https:\\\/\\\/swiss-bike-rental.ch\\\/\",\"logo\":{\"@type\":\"ImageObject\",\"inLanguage\":\"en-US\",\"@id\":\"https:\\\/\\\/swiss-bike-rental.ch\\\/#\\\/schema\\\/logo\\\/image\\\/\",\"url\":\"https:\\\/\\\/swiss-bike-rental.ch\\\/wp-content\\\/uploads\\\/2023\\\/03\\\/logo_location.png\",\"contentUrl\":\"https:\\\/\\\/swiss-bike-rental.ch\\\/wp-content\\\/uploads\\\/2023\\\/03\\\/logo_location.png\",\"width\":663,\"height\":255,\"caption\":\"Swiss Bike Rental\"},\"image\":{\"@id\":\"https:\\\/\\\/swiss-bike-rental.ch\\\/#\\\/schema\\\/logo\\\/image\\\/\"},\"sameAs\":[\"https:\\\/\\\/www.facebook.com\\\/cyclablesuisse\",\"https:\\\/\\\/www.instagram.com\\\/cyclable_suisse\\\/\"]}]}<\/script>\n<!-- \/ Yoast SEO plugin. -->","yoast_head_json":{"title":"Moustache Trail 7 Medium - Swiss bike rental","robots":{"index":"index","follow":"follow","max-snippet":"max-snippet:-1","max-image-preview":"max-image-preview:large","max-video-preview":"max-video-preview:-1"},"canonical":"https:\/\/swiss-bike-rental.ch\/en\/produit\/moustache-trail-7-medium\/","og_locale":"en_US","og_type":"article","og_title":"Moustache Trail 7 Medium - Swiss bike rental","og_description":"A versatile climber, agile descender, who goes for long mountain bike adventures with the powerful 750 Wh battery!  Tapering price : 2 to 3 days -10% off 3 to 5 days -15% off 5 to 8 days -20% off 8 to 12 days -25% off","og_url":"https:\/\/swiss-bike-rental.ch\/en\/produit\/moustache-trail-7-medium\/","og_site_name":"Swiss bike rental","article_publisher":"https:\/\/www.facebook.com\/cyclablesuisse","article_modified_time":"2023-05-01T19:44:07+00:00","og_image":[{"width":558,"height":558,"url":"https:\/\/swiss-bike-rental.ch\/wp-content\/uploads\/2023\/03\/Trail-7-M.jpg","type":"image\/jpeg"}],"twitter_card":"summary_large_image","twitter_misc":{"Est. reading time":"2 minutes"},"schema":{"@context":"https:\/\/schema.org","@graph":[{"@type":"WebPage","@id":"https:\/\/swiss-bike-rental.ch\/en\/produit\/moustache-trail-7-medium\/","url":"https:\/\/swiss-bike-rental.ch\/en\/produit\/moustache-trail-7-medium\/","name":"Moustache Trail 7 Medium - Swiss bike rental","isPartOf":{"@id":"https:\/\/swiss-bike-rental.ch\/#website"},"primaryImageOfPage":{"@id":"https:\/\/swiss-bike-rental.ch\/en\/produit\/moustache-trail-7-medium\/#primaryimage"},"image":{"@id":"https:\/\/swiss-bike-rental.ch\/en\/produit\/moustache-trail-7-medium\/#primaryimage"},"thumbnailUrl":"https:\/\/swiss-bike-rental.ch\/wp-content\/uploads\/2023\/03\/Cube-stereo-side-scaled.jpg","datePublished":"2023-03-31T10:14:59+00:00","dateModified":"2023-05-01T19:44:07+00:00","breadcrumb":{"@id":"https:\/\/swiss-bike-rental.ch\/en\/produit\/moustache-trail-7-medium\/#breadcrumb"},"inLanguage":"en-US","potentialAction":[{"@type":"ReadAction","target":["https:\/\/swiss-bike-rental.ch\/en\/produit\/moustache-trail-7-medium\/"]}]},{"@type":"ImageObject","inLanguage":"en-US","@id":"https:\/\/swiss-bike-rental.ch\/en\/produit\/moustache-trail-7-medium\/#primaryimage","url":"https:\/\/swiss-bike-rental.ch\/wp-content\/uploads\/2023\/03\/Cube-stereo-side-scaled.jpg","contentUrl":"https:\/\/swiss-bike-rental.ch\/wp-content\/uploads\/2023\/03\/Cube-stereo-side-scaled.jpg","width":2560,"height":1476},{"@type":"BreadcrumbList","@id":"https:\/\/swiss-bike-rental.ch\/en\/produit\/moustache-trail-7-medium\/#breadcrumb","itemListElement":[{"@type":"ListItem","position":1,"name":"Accueil","item":"https:\/\/swiss-bike-rental.ch\/en\/"},{"@type":"ListItem","position":2,"name":"Nos v\u00e9los en location","item":"https:\/\/swiss-bike-rental.ch\/boutique\/"},{"@type":"ListItem","position":3,"name":"Moustache Trail 7 Medium"}]},{"@type":"WebSite","@id":"https:\/\/swiss-bike-rental.ch\/#website","url":"https:\/\/swiss-bike-rental.ch\/","name":"Swiss Bike Rental","description":"D\u00e9vouvrez les bords du L\u00e9man en v\u00e9lo \u00e9lectrique !","publisher":{"@id":"https:\/\/swiss-bike-rental.ch\/#organization"},"potentialAction":[{"@type":"SearchAction","target":{"@type":"EntryPoint","urlTemplate":"https:\/\/swiss-bike-rental.ch\/?s={search_term_string}"},"query-input":{"@type":"PropertyValueSpecification","valueRequired":true,"valueName":"search_term_string"}}],"inLanguage":"en-US"},{"@type":"Organization","@id":"https:\/\/swiss-bike-rental.ch\/#organization","name":"Swiss Bike Rental","url":"https:\/\/swiss-bike-rental.ch\/","logo":{"@type":"ImageObject","inLanguage":"en-US","@id":"https:\/\/swiss-bike-rental.ch\/#\/schema\/logo\/image\/","url":"https:\/\/swiss-bike-rental.ch\/wp-content\/uploads\/2023\/03\/logo_location.png","contentUrl":"https:\/\/swiss-bike-rental.ch\/wp-content\/uploads\/2023\/03\/logo_location.png","width":663,"height":255,"caption":"Swiss Bike Rental"},"image":{"@id":"https:\/\/swiss-bike-rental.ch\/#\/schema\/logo\/image\/"},"sameAs":["https:\/\/www.facebook.com\/cyclablesuisse","https:\/\/www.instagram.com\/cyclable_suisse\/"]}]}},"_links":{"self":[{"href":"https:\/\/swiss-bike-rental.ch\/en\/wp-json\/wp\/v2\/product\/6756","targetHints":{"allow":["GET"]}}],"collection":[{"href":"https:\/\/swiss-bike-rental.ch\/en\/wp-json\/wp\/v2\/product"}],"about":[{"href":"https:\/\/swiss-bike-rental.ch\/en\/wp-json\/wp\/v2\/types\/product"}],"wp:featuredmedia":[{"embeddable":true,"href":"https:\/\/swiss-bike-rental.ch\/en\/wp-json\/wp\/v2\/media\/7020"}],"wp:attachment":[{"href":"https:\/\/swiss-bike-rental.ch\/en\/wp-json\/wp\/v2\/media?parent=6756"}],"wp:term":[{"taxonomy":"product_brand","embeddable":true,"href":"https:\/\/swiss-bike-rental.ch\/en\/wp-json\/wp\/v2\/product_brand?post=6756"},{"taxonomy":"product_cat","embeddable":true,"href":"https:\/\/swiss-bike-rental.ch\/en\/wp-json\/wp\/v2\/product_cat?post=6756"},{"taxonomy":"product_tag","embeddable":true,"href":"https:\/\/swiss-bike-rental.ch\/en\/wp-json\/wp\/v2\/product_tag?post=6756"}],"curies":[{"name":"wp","href":"https:\/\/api.w.org\/{rel}","templated":true}]}}