{"id":6429,"date":"2023-03-21T08:53:57","date_gmt":"2023-03-21T07:53:57","guid":{"rendered":"https:\/\/swiss-bike-rental.ch\/index.php\/cart\/"},"modified":"2023-03-24T17:21:10","modified_gmt":"2023-03-24T16:21:10","slug":"cart","status":"publish","type":"page","link":"https:\/\/swiss-bike-rental.ch\/en\/cart\/","title":{"rendered":"Cart"},"content":{"rendered":"\n","protected":false},"excerpt":{"rendered":"","protected":false},"author":1,"featured_media":0,"parent":0,"menu_order":0,"comment_status":"closed","ping_status":"closed","template":"","meta":{"footnotes":""},"class_list":["post-6429","page","type-page","status-publish"],"yoast_head":"<!-- This site is optimized with the Yoast SEO plugin v27.4 - https:\/\/yoast.com\/product\/yoast-seo-wordpress\/ -->\n<title>Cart - Swiss bike rental<\/title>\n<meta name=\"robots\" content=\"index, follow, max-snippet:-1, max-image-preview:large, max-video-preview:-1\" \/>\n<link rel=\"canonical\" href=\"https:\/\/swiss-bike-rental.ch\/en\/cart\/\" \/>\n<meta property=\"og:locale\" content=\"en_US\" \/>\n<meta property=\"og:type\" content=\"article\" \/>\n<meta property=\"og:title\" content=\"Cart - Swiss bike rental\" \/>\n<meta property=\"og:url\" content=\"https:\/\/swiss-bike-rental.ch\/en\/cart\/\" \/>\n<meta property=\"og:site_name\" content=\"Swiss bike rental\" \/>\n<meta property=\"article:publisher\" content=\"https:\/\/www.facebook.com\/cyclablesuisse\" \/>\n<meta property=\"article:modified_time\" content=\"2023-03-24T16:21:10+00:00\" \/>\n<meta property=\"og:image\" content=\"https:\/\/swiss-bike-rental.ch\/wp-content\/uploads\/2023\/03\/logo_location.png\" \/>\n\t<meta property=\"og:image:width\" content=\"663\" \/>\n\t<meta property=\"og:image:height\" content=\"255\" \/>\n\t<meta property=\"og:image:type\" content=\"image\/png\" \/>\n<meta name=\"twitter:card\" content=\"summary_large_image\" \/>\n<script type=\"application\/ld+json\" class=\"yoast-schema-graph\">{\"@context\":\"https:\\\/\\\/schema.org\",\"@graph\":[{\"@type\":\"WebPage\",\"@id\":\"https:\\\/\\\/swiss-bike-rental.ch\\\/en\\\/cart\\\/\",\"url\":\"https:\\\/\\\/swiss-bike-rental.ch\\\/en\\\/cart\\\/\",\"name\":\"Cart - Swiss bike rental\",\"isPartOf\":{\"@id\":\"https:\\\/\\\/swiss-bike-rental.ch\\\/#website\"},\"datePublished\":\"2023-03-21T07:53:57+00:00\",\"dateModified\":\"2023-03-24T16:21:10+00:00\",\"breadcrumb\":{\"@id\":\"https:\\\/\\\/swiss-bike-rental.ch\\\/en\\\/cart\\\/#breadcrumb\"},\"inLanguage\":\"en-US\",\"potentialAction\":[{\"@type\":\"ReadAction\",\"target\":[\"https:\\\/\\\/swiss-bike-rental.ch\\\/en\\\/cart\\\/\"]}]},{\"@type\":\"BreadcrumbList\",\"@id\":\"https:\\\/\\\/swiss-bike-rental.ch\\\/en\\\/cart\\\/#breadcrumb\",\"itemListElement\":[{\"@type\":\"ListItem\",\"position\":1,\"name\":\"Accueil\",\"item\":\"https:\\\/\\\/swiss-bike-rental.ch\\\/en\\\/\"},{\"@type\":\"ListItem\",\"position\":2,\"name\":\"Cart\"}]},{\"@type\":\"WebSite\",\"@id\":\"https:\\\/\\\/swiss-bike-rental.ch\\\/#website\",\"url\":\"https:\\\/\\\/swiss-bike-rental.ch\\\/\",\"name\":\"Swiss Bike Rental\",\"description\":\"D\u00e9vouvrez les bords du L\u00e9man en v\u00e9lo \u00e9lectrique !\",\"publisher\":{\"@id\":\"https:\\\/\\\/swiss-bike-rental.ch\\\/#organization\"},\"potentialAction\":[{\"@type\":\"SearchAction\",\"target\":{\"@type\":\"EntryPoint\",\"urlTemplate\":\"https:\\\/\\\/swiss-bike-rental.ch\\\/?s={search_term_string}\"},\"query-input\":{\"@type\":\"PropertyValueSpecification\",\"valueRequired\":true,\"valueName\":\"search_term_string\"}}],\"inLanguage\":\"en-US\"},{\"@type\":\"Organization\",\"@id\":\"https:\\\/\\\/swiss-bike-rental.ch\\\/#organization\",\"name\":\"Swiss Bike Rental\",\"url\":\"https:\\\/\\\/swiss-bike-rental.ch\\\/\",\"logo\":{\"@type\":\"ImageObject\",\"inLanguage\":\"en-US\",\"@id\":\"https:\\\/\\\/swiss-bike-rental.ch\\\/#\\\/schema\\\/logo\\\/image\\\/\",\"url\":\"https:\\\/\\\/swiss-bike-rental.ch\\\/wp-content\\\/uploads\\\/2023\\\/03\\\/logo_location.png\",\"contentUrl\":\"https:\\\/\\\/swiss-bike-rental.ch\\\/wp-content\\\/uploads\\\/2023\\\/03\\\/logo_location.png\",\"width\":663,\"height\":255,\"caption\":\"Swiss Bike Rental\"},\"image\":{\"@id\":\"https:\\\/\\\/swiss-bike-rental.ch\\\/#\\\/schema\\\/logo\\\/image\\\/\"},\"sameAs\":[\"https:\\\/\\\/www.facebook.com\\\/cyclablesuisse\",\"https:\\\/\\\/www.instagram.com\\\/cyclable_suisse\\\/\"]}]}<\/script>\n<!-- \/ Yoast SEO plugin. -->","yoast_head_json":{"title":"Cart - Swiss bike rental","robots":{"index":"index","follow":"follow","max-snippet":"max-snippet:-1","max-image-preview":"max-image-preview:large","max-video-preview":"max-video-preview:-1"},"canonical":"https:\/\/swiss-bike-rental.ch\/en\/cart\/","og_locale":"en_US","og_type":"article","og_title":"Cart - Swiss bike rental","og_url":"https:\/\/swiss-bike-rental.ch\/en\/cart\/","og_site_name":"Swiss bike rental","article_publisher":"https:\/\/www.facebook.com\/cyclablesuisse","article_modified_time":"2023-03-24T16:21:10+00:00","og_image":[{"width":663,"height":255,"url":"https:\/\/swiss-bike-rental.ch\/wp-content\/uploads\/2023\/03\/logo_location.png","type":"image\/png"}],"twitter_card":"summary_large_image","schema":{"@context":"https:\/\/schema.org","@graph":[{"@type":"WebPage","@id":"https:\/\/swiss-bike-rental.ch\/en\/cart\/","url":"https:\/\/swiss-bike-rental.ch\/en\/cart\/","name":"Cart - Swiss bike rental","isPartOf":{"@id":"https:\/\/swiss-bike-rental.ch\/#website"},"datePublished":"2023-03-21T07:53:57+00:00","dateModified":"2023-03-24T16:21:10+00:00","breadcrumb":{"@id":"https:\/\/swiss-bike-rental.ch\/en\/cart\/#breadcrumb"},"inLanguage":"en-US","potentialAction":[{"@type":"ReadAction","target":["https:\/\/swiss-bike-rental.ch\/en\/cart\/"]}]},{"@type":"BreadcrumbList","@id":"https:\/\/swiss-bike-rental.ch\/en\/cart\/#breadcrumb","itemListElement":[{"@type":"ListItem","position":1,"name":"Accueil","item":"https:\/\/swiss-bike-rental.ch\/en\/"},{"@type":"ListItem","position":2,"name":"Cart"}]},{"@type":"WebSite","@id":"https:\/\/swiss-bike-rental.ch\/#website","url":"https:\/\/swiss-bike-rental.ch\/","name":"Swiss Bike Rental","description":"D\u00e9vouvrez les bords du L\u00e9man en v\u00e9lo \u00e9lectrique !","publisher":{"@id":"https:\/\/swiss-bike-rental.ch\/#organization"},"potentialAction":[{"@type":"SearchAction","target":{"@type":"EntryPoint","urlTemplate":"https:\/\/swiss-bike-rental.ch\/?s={search_term_string}"},"query-input":{"@type":"PropertyValueSpecification","valueRequired":true,"valueName":"search_term_string"}}],"inLanguage":"en-US"},{"@type":"Organization","@id":"https:\/\/swiss-bike-rental.ch\/#organization","name":"Swiss Bike Rental","url":"https:\/\/swiss-bike-rental.ch\/","logo":{"@type":"ImageObject","inLanguage":"en-US","@id":"https:\/\/swiss-bike-rental.ch\/#\/schema\/logo\/image\/","url":"https:\/\/swiss-bike-rental.ch\/wp-content\/uploads\/2023\/03\/logo_location.png","contentUrl":"https:\/\/swiss-bike-rental.ch\/wp-content\/uploads\/2023\/03\/logo_location.png","width":663,"height":255,"caption":"Swiss Bike Rental"},"image":{"@id":"https:\/\/swiss-bike-rental.ch\/#\/schema\/logo\/image\/"},"sameAs":["https:\/\/www.facebook.com\/cyclablesuisse","https:\/\/www.instagram.com\/cyclable_suisse\/"]}]}},"_links":{"self":[{"href":"https:\/\/swiss-bike-rental.ch\/en\/wp-json\/wp\/v2\/pages\/6429","targetHints":{"allow":["GET"]}}],"collection":[{"href":"https:\/\/swiss-bike-rental.ch\/en\/wp-json\/wp\/v2\/pages"}],"about":[{"href":"https:\/\/swiss-bike-rental.ch\/en\/wp-json\/wp\/v2\/types\/page"}],"author":[{"embeddable":true,"href":"https:\/\/swiss-bike-rental.ch\/en\/wp-json\/wp\/v2\/users\/1"}],"replies":[{"embeddable":true,"href":"https:\/\/swiss-bike-rental.ch\/en\/wp-json\/wp\/v2\/comments?post=6429"}],"version-history":[{"count":0,"href":"https:\/\/swiss-bike-rental.ch\/en\/wp-json\/wp\/v2\/pages\/6429\/revisions"}],"wp:attachment":[{"href":"https:\/\/swiss-bike-rental.ch\/en\/wp-json\/wp\/v2\/media?parent=6429"}],"curies":[{"name":"wp","href":"https:\/\/api.w.org\/{rel}","templated":true}]}}