{"id":6767,"date":"2023-03-24T13:26:31","date_gmt":"2023-03-24T12:26:31","guid":{"rendered":"https:\/\/swiss-bike-rental.ch\/produit\/urban-arrow-carqon-cruise-packster-70\/"},"modified":"2023-05-01T21:58:17","modified_gmt":"2023-05-01T19:58:17","slug":"urban-arrow-carqon-cruise-packster-70","status":"publish","type":"product","link":"https:\/\/swiss-bike-rental.ch\/de\/produit\/urban-arrow-carqon-cruise-packster-70\/","title":{"rendered":"Urban Arrow \/ Carqon Cruise \/ Packster 70"},"content":{"rendered":"<p>Zweiradfahrer mit 2 Sitzen. Das elektrische Lastenfahrrad richtet sich direkt an Stadtbewohner, die f\u00fcr ihre t\u00e4glichen Fahrten eine glaubw\u00fcrdige Alternative zum Auto oder zu den \u00f6ffentlichen Verkehrsmitteln suchen!<\/p>\n<h2 class=\"h2\" style=\"text-align: center;\">Elektrisches Lastenfahrrad Urban Arrow Family<\/h2>\n<div class=\"full-description showLessOrMore\">\n<p>Das <strong>elektrische Lastenfahrrad Urban Arrow Family<\/strong> richtet sich direkt an Stadtbewohner, die f\u00fcr ihre t\u00e4glichen Fahrten eine glaubw\u00fcrdige Alternative zum Auto oder zu den \u00f6ffentlichen Verkehrsmitteln suchen! Mit diesem Modell eines Zweiradfahrers finden Eltern eine gro\u00dfartige M\u00f6glichkeit, sich in der Stadt sicher fortzubewegen, ein stilvolles Modell mit einem vollendeten Design und einer beeindruckenden Tragf\u00e4higkeit (275 kg, einschlie\u00dflich des Gewichts des Fahrrads und des Benutzers).<\/p>\n<\/div>\n<div class=\"full-description showLessOrMore\">\n<h2 class=\"h2\" style=\"text-align: center;\">Elektrisches Cargo-Bike Carqon Cruise<\/h2>\n<div class=\"full-description showLessOrMore\">\n<p>Das <strong>elektrische Carqon Cruise Car<\/strong> go-Bike ist ein tolles Cargo-Bike, effizient und praktisch, sehr angenehm zu fahren! Wir sch\u00e4tzen das moderne Ambiente dieses sch\u00f6nen Fahrrads, das die ganze kleine Sippe (2 Kinder und 1 Baby) an Bord nehmen kann. Mitfahrer und Eltern finden hier ein sehr motivierendes Fahrrad f\u00fcr das t\u00e4gliche Fahren, das den \u00fcblichen Anforderungen der Woche und der Freizeit gerecht wird. Sie werden mit Freude durch die Stadt laufen, zur Schule oder zum See&#8230;<\/p>\n<p>Dieses elektrische Carqon-Cargo-Bike f\u00fchlt sich im st\u00e4dtischen Umfeld sehr wohl. Es ist gut ausbalanciert und rollt leicht, mit einer sehr leichtg\u00e4ngigen Lenkung mit Doppelkabel. Er st\u00fctzt sich auf breite XL-Reifen. Diese Schwalbe Super Moto-X Reifen sind f\u00fcr den Einsatz mit dem E-Bike zugelassen und wirklich langlebig, sehr belastbar und pannensicher.<\/p>\n<\/div>\n<div class=\"full-description showLessOrMore\">\n<h2 class=\"h2\" style=\"text-align: center;\">Elektrisches Lastenfahrrad Riese &amp; M\u00fcller Packster 70<\/h2>\n<div class=\"full-description showLessOrMore\">\n<p>Das <strong>Riese &amp; M\u00fcller Packster 70 Elektro-Cargo-Bike<\/strong> ist ein Familienrad, das bis ins kleinste Detail ausgearbeitet wurde, um Ihnen das Leben zu erleichtern. Er transportiert max. 3 Kinder, alle Sachen des Stammes und einige zus\u00e4tzliche Eink\u00e4ufe. Man w\u00e4hlt seinen Packster 70 so, wie man sein Auto w\u00e4hlt: indem man aus (sehr) vielen Optionen ausw\u00e4hlt. Sie k\u00f6nnen die Box nicht nur nach Ihren Bed\u00fcrfnissen einrichten, sondern auch die Grundausstattung nach Belieben aufr\u00fcsten.<\/p>\n<\/div>\n<\/div>\n<\/div>\n","protected":false},"excerpt":{"rendered":"<p>Zweiradfahrer mit 2 Sitzen. Das elektrische Lastenfahrrad richtet sich direkt an Stadtbewohner, die f\u00fcr ihre t\u00e4glichen Fahrten eine glaubw\u00fcrdige Alternative zum Auto oder zu den \u00f6ffentlichen Verkehrsmitteln suchen!<\/p>\n<p>Degressiver Preis :<\/p>\n<div class=\"day-ranges-pricing-plan\"><span class=\"range-days\">2 bis 3 Tage <b>-10%<\/b><\/span><\/div>\n<div class=\"day-ranges-pricing-plan\"><span class=\"range-days\">3 bis 5 Tage <b>-15%<\/b><\/span><\/div>\n<div class=\"day-ranges-pricing-plan\"><span class=\"range-days\">5 bis 8 Tage <b>-20%<\/b><\/span><\/div>\n<div class=\"day-ranges-pricing-plan\"><span class=\"range-days\">8 bis 12 Tage <b>-25%<\/b><\/span><\/div>\n","protected":false},"featured_media":6939,"template":"","meta":[],"product_brand":[],"product_cat":[101,103,96,102],"product_tag":[],"class_list":{"0":"post-6767","1":"product","2":"type-product","3":"status-publish","4":"has-post-thumbnail","6":"product_cat-tous-nos-velos-de","7":"product_cat-biporteur-25-de","8":"product_cat-in-der-familie","9":"product_cat-in-der-stadt","11":"first","12":"instock","13":"shipping-taxable","14":"purchasable","15":"product-type-redq_rental"},"yoast_head":"<!-- This site is optimized with the Yoast SEO plugin v27.4 - https:\/\/yoast.com\/product\/yoast-seo-wordpress\/ -->\n<title>Urban Arrow \/ Carqon Cruise \/ Packster 70 - Swiss bike rental<\/title>\n<meta name=\"robots\" content=\"index, follow, max-snippet:-1, max-image-preview:large, max-video-preview:-1\" \/>\n<link rel=\"canonical\" href=\"https:\/\/swiss-bike-rental.ch\/de\/produit\/urban-arrow-carqon-cruise-packster-70\/\" \/>\n<meta property=\"og:locale\" content=\"de_DE\" \/>\n<meta property=\"og:type\" content=\"article\" \/>\n<meta property=\"og:title\" content=\"Urban Arrow \/ Carqon Cruise \/ Packster 70 - Swiss bike rental\" \/>\n<meta property=\"og:description\" content=\"Zweiradfahrer mit 2 Sitzen. Das elektrische Lastenfahrrad richtet sich direkt an Stadtbewohner, die f\u00fcr ihre t\u00e4glichen Fahrten eine glaubw\u00fcrdige Alternative zum Auto oder zu den \u00f6ffentlichen Verkehrsmitteln suchen!  Degressiver Preis : 2 bis 3 Tage -10% 3 bis 5 Tage -15% 5 bis 8 Tage -20% 8 bis 12 Tage -25%\" \/>\n<meta property=\"og:url\" content=\"https:\/\/swiss-bike-rental.ch\/de\/produit\/urban-arrow-carqon-cruise-packster-70\/\" \/>\n<meta property=\"og:site_name\" content=\"Swiss bike rental\" \/>\n<meta property=\"article:publisher\" content=\"https:\/\/www.facebook.com\/cyclablesuisse\" \/>\n<meta property=\"article:modified_time\" content=\"2023-05-01T19:58:17+00:00\" \/>\n<meta property=\"og:image\" content=\"https:\/\/swiss-bike-rental.ch\/wp-content\/uploads\/2023\/03\/Urban-Arrow-BIPORTEUR.jpg\" \/>\n\t<meta property=\"og:image:width\" content=\"558\" \/>\n\t<meta property=\"og:image:height\" content=\"558\" \/>\n\t<meta property=\"og:image:type\" content=\"image\/jpeg\" \/>\n<meta name=\"twitter:card\" content=\"summary_large_image\" \/>\n<meta name=\"twitter:label1\" content=\"Gesch\u00e4tzte Lesezeit\" \/>\n\t<meta name=\"twitter:data1\" content=\"2\u00a0Minuten\" \/>\n<script type=\"application\/ld+json\" class=\"yoast-schema-graph\">{\"@context\":\"https:\\\/\\\/schema.org\",\"@graph\":[{\"@type\":\"WebPage\",\"@id\":\"https:\\\/\\\/swiss-bike-rental.ch\\\/de\\\/produit\\\/urban-arrow-carqon-cruise-packster-70\\\/\",\"url\":\"https:\\\/\\\/swiss-bike-rental.ch\\\/de\\\/produit\\\/urban-arrow-carqon-cruise-packster-70\\\/\",\"name\":\"Urban Arrow \\\/ Carqon Cruise \\\/ Packster 70 - Swiss bike rental\",\"isPartOf\":{\"@id\":\"https:\\\/\\\/swiss-bike-rental.ch\\\/#website\"},\"primaryImageOfPage\":{\"@id\":\"https:\\\/\\\/swiss-bike-rental.ch\\\/de\\\/produit\\\/urban-arrow-carqon-cruise-packster-70\\\/#primaryimage\"},\"image\":{\"@id\":\"https:\\\/\\\/swiss-bike-rental.ch\\\/de\\\/produit\\\/urban-arrow-carqon-cruise-packster-70\\\/#primaryimage\"},\"thumbnailUrl\":\"https:\\\/\\\/swiss-bike-rental.ch\\\/wp-content\\\/uploads\\\/2023\\\/03\\\/velo-cargo-electrique-urban-arrow-familynext.jpg\",\"datePublished\":\"2023-03-24T12:26:31+00:00\",\"dateModified\":\"2023-05-01T19:58:17+00:00\",\"breadcrumb\":{\"@id\":\"https:\\\/\\\/swiss-bike-rental.ch\\\/de\\\/produit\\\/urban-arrow-carqon-cruise-packster-70\\\/#breadcrumb\"},\"inLanguage\":\"de\",\"potentialAction\":[{\"@type\":\"ReadAction\",\"target\":[\"https:\\\/\\\/swiss-bike-rental.ch\\\/de\\\/produit\\\/urban-arrow-carqon-cruise-packster-70\\\/\"]}]},{\"@type\":\"ImageObject\",\"inLanguage\":\"de\",\"@id\":\"https:\\\/\\\/swiss-bike-rental.ch\\\/de\\\/produit\\\/urban-arrow-carqon-cruise-packster-70\\\/#primaryimage\",\"url\":\"https:\\\/\\\/swiss-bike-rental.ch\\\/wp-content\\\/uploads\\\/2023\\\/03\\\/velo-cargo-electrique-urban-arrow-familynext.jpg\",\"contentUrl\":\"https:\\\/\\\/swiss-bike-rental.ch\\\/wp-content\\\/uploads\\\/2023\\\/03\\\/velo-cargo-electrique-urban-arrow-familynext.jpg\",\"width\":800,\"height\":800},{\"@type\":\"BreadcrumbList\",\"@id\":\"https:\\\/\\\/swiss-bike-rental.ch\\\/de\\\/produit\\\/urban-arrow-carqon-cruise-packster-70\\\/#breadcrumb\",\"itemListElement\":[{\"@type\":\"ListItem\",\"position\":1,\"name\":\"Accueil\",\"item\":\"https:\\\/\\\/swiss-bike-rental.ch\\\/de\\\/\"},{\"@type\":\"ListItem\",\"position\":2,\"name\":\"Nos v\u00e9los en location\",\"item\":\"https:\\\/\\\/swiss-bike-rental.ch\\\/boutique\\\/\"},{\"@type\":\"ListItem\",\"position\":3,\"name\":\"Urban Arrow \\\/ Carqon Cruise \\\/ Packster 70\"}]},{\"@type\":\"WebSite\",\"@id\":\"https:\\\/\\\/swiss-bike-rental.ch\\\/#website\",\"url\":\"https:\\\/\\\/swiss-bike-rental.ch\\\/\",\"name\":\"Swiss Bike Rental\",\"description\":\"D\u00e9vouvrez les bords du L\u00e9man en v\u00e9lo \u00e9lectrique !\",\"publisher\":{\"@id\":\"https:\\\/\\\/swiss-bike-rental.ch\\\/#organization\"},\"potentialAction\":[{\"@type\":\"SearchAction\",\"target\":{\"@type\":\"EntryPoint\",\"urlTemplate\":\"https:\\\/\\\/swiss-bike-rental.ch\\\/?s={search_term_string}\"},\"query-input\":{\"@type\":\"PropertyValueSpecification\",\"valueRequired\":true,\"valueName\":\"search_term_string\"}}],\"inLanguage\":\"de\"},{\"@type\":\"Organization\",\"@id\":\"https:\\\/\\\/swiss-bike-rental.ch\\\/#organization\",\"name\":\"Swiss Bike Rental\",\"url\":\"https:\\\/\\\/swiss-bike-rental.ch\\\/\",\"logo\":{\"@type\":\"ImageObject\",\"inLanguage\":\"de\",\"@id\":\"https:\\\/\\\/swiss-bike-rental.ch\\\/#\\\/schema\\\/logo\\\/image\\\/\",\"url\":\"https:\\\/\\\/swiss-bike-rental.ch\\\/wp-content\\\/uploads\\\/2023\\\/03\\\/logo_location.png\",\"contentUrl\":\"https:\\\/\\\/swiss-bike-rental.ch\\\/wp-content\\\/uploads\\\/2023\\\/03\\\/logo_location.png\",\"width\":663,\"height\":255,\"caption\":\"Swiss Bike Rental\"},\"image\":{\"@id\":\"https:\\\/\\\/swiss-bike-rental.ch\\\/#\\\/schema\\\/logo\\\/image\\\/\"},\"sameAs\":[\"https:\\\/\\\/www.facebook.com\\\/cyclablesuisse\",\"https:\\\/\\\/www.instagram.com\\\/cyclable_suisse\\\/\"]}]}<\/script>\n<!-- \/ Yoast SEO plugin. -->","yoast_head_json":{"title":"Urban Arrow \/ Carqon Cruise \/ Packster 70 - Swiss bike rental","robots":{"index":"index","follow":"follow","max-snippet":"max-snippet:-1","max-image-preview":"max-image-preview:large","max-video-preview":"max-video-preview:-1"},"canonical":"https:\/\/swiss-bike-rental.ch\/de\/produit\/urban-arrow-carqon-cruise-packster-70\/","og_locale":"de_DE","og_type":"article","og_title":"Urban Arrow \/ Carqon Cruise \/ Packster 70 - Swiss bike rental","og_description":"Zweiradfahrer mit 2 Sitzen. Das elektrische Lastenfahrrad richtet sich direkt an Stadtbewohner, die f\u00fcr ihre t\u00e4glichen Fahrten eine glaubw\u00fcrdige Alternative zum Auto oder zu den \u00f6ffentlichen Verkehrsmitteln suchen!  Degressiver Preis : 2 bis 3 Tage -10% 3 bis 5 Tage -15% 5 bis 8 Tage -20% 8 bis 12 Tage -25%","og_url":"https:\/\/swiss-bike-rental.ch\/de\/produit\/urban-arrow-carqon-cruise-packster-70\/","og_site_name":"Swiss bike rental","article_publisher":"https:\/\/www.facebook.com\/cyclablesuisse","article_modified_time":"2023-05-01T19:58:17+00:00","og_image":[{"width":558,"height":558,"url":"https:\/\/swiss-bike-rental.ch\/wp-content\/uploads\/2023\/03\/Urban-Arrow-BIPORTEUR.jpg","type":"image\/jpeg"}],"twitter_card":"summary_large_image","twitter_misc":{"Gesch\u00e4tzte Lesezeit":"2\u00a0Minuten"},"schema":{"@context":"https:\/\/schema.org","@graph":[{"@type":"WebPage","@id":"https:\/\/swiss-bike-rental.ch\/de\/produit\/urban-arrow-carqon-cruise-packster-70\/","url":"https:\/\/swiss-bike-rental.ch\/de\/produit\/urban-arrow-carqon-cruise-packster-70\/","name":"Urban Arrow \/ Carqon Cruise \/ Packster 70 - Swiss bike rental","isPartOf":{"@id":"https:\/\/swiss-bike-rental.ch\/#website"},"primaryImageOfPage":{"@id":"https:\/\/swiss-bike-rental.ch\/de\/produit\/urban-arrow-carqon-cruise-packster-70\/#primaryimage"},"image":{"@id":"https:\/\/swiss-bike-rental.ch\/de\/produit\/urban-arrow-carqon-cruise-packster-70\/#primaryimage"},"thumbnailUrl":"https:\/\/swiss-bike-rental.ch\/wp-content\/uploads\/2023\/03\/velo-cargo-electrique-urban-arrow-familynext.jpg","datePublished":"2023-03-24T12:26:31+00:00","dateModified":"2023-05-01T19:58:17+00:00","breadcrumb":{"@id":"https:\/\/swiss-bike-rental.ch\/de\/produit\/urban-arrow-carqon-cruise-packster-70\/#breadcrumb"},"inLanguage":"de","potentialAction":[{"@type":"ReadAction","target":["https:\/\/swiss-bike-rental.ch\/de\/produit\/urban-arrow-carqon-cruise-packster-70\/"]}]},{"@type":"ImageObject","inLanguage":"de","@id":"https:\/\/swiss-bike-rental.ch\/de\/produit\/urban-arrow-carqon-cruise-packster-70\/#primaryimage","url":"https:\/\/swiss-bike-rental.ch\/wp-content\/uploads\/2023\/03\/velo-cargo-electrique-urban-arrow-familynext.jpg","contentUrl":"https:\/\/swiss-bike-rental.ch\/wp-content\/uploads\/2023\/03\/velo-cargo-electrique-urban-arrow-familynext.jpg","width":800,"height":800},{"@type":"BreadcrumbList","@id":"https:\/\/swiss-bike-rental.ch\/de\/produit\/urban-arrow-carqon-cruise-packster-70\/#breadcrumb","itemListElement":[{"@type":"ListItem","position":1,"name":"Accueil","item":"https:\/\/swiss-bike-rental.ch\/de\/"},{"@type":"ListItem","position":2,"name":"Nos v\u00e9los en location","item":"https:\/\/swiss-bike-rental.ch\/boutique\/"},{"@type":"ListItem","position":3,"name":"Urban Arrow \/ Carqon Cruise \/ Packster 70"}]},{"@type":"WebSite","@id":"https:\/\/swiss-bike-rental.ch\/#website","url":"https:\/\/swiss-bike-rental.ch\/","name":"Swiss Bike Rental","description":"D\u00e9vouvrez les bords du L\u00e9man en v\u00e9lo \u00e9lectrique !","publisher":{"@id":"https:\/\/swiss-bike-rental.ch\/#organization"},"potentialAction":[{"@type":"SearchAction","target":{"@type":"EntryPoint","urlTemplate":"https:\/\/swiss-bike-rental.ch\/?s={search_term_string}"},"query-input":{"@type":"PropertyValueSpecification","valueRequired":true,"valueName":"search_term_string"}}],"inLanguage":"de"},{"@type":"Organization","@id":"https:\/\/swiss-bike-rental.ch\/#organization","name":"Swiss Bike Rental","url":"https:\/\/swiss-bike-rental.ch\/","logo":{"@type":"ImageObject","inLanguage":"de","@id":"https:\/\/swiss-bike-rental.ch\/#\/schema\/logo\/image\/","url":"https:\/\/swiss-bike-rental.ch\/wp-content\/uploads\/2023\/03\/logo_location.png","contentUrl":"https:\/\/swiss-bike-rental.ch\/wp-content\/uploads\/2023\/03\/logo_location.png","width":663,"height":255,"caption":"Swiss Bike Rental"},"image":{"@id":"https:\/\/swiss-bike-rental.ch\/#\/schema\/logo\/image\/"},"sameAs":["https:\/\/www.facebook.com\/cyclablesuisse","https:\/\/www.instagram.com\/cyclable_suisse\/"]}]}},"_links":{"self":[{"href":"https:\/\/swiss-bike-rental.ch\/de\/wp-json\/wp\/v2\/product\/6767","targetHints":{"allow":["GET"]}}],"collection":[{"href":"https:\/\/swiss-bike-rental.ch\/de\/wp-json\/wp\/v2\/product"}],"about":[{"href":"https:\/\/swiss-bike-rental.ch\/de\/wp-json\/wp\/v2\/types\/product"}],"wp:featuredmedia":[{"embeddable":true,"href":"https:\/\/swiss-bike-rental.ch\/de\/wp-json\/wp\/v2\/media\/6939"}],"wp:attachment":[{"href":"https:\/\/swiss-bike-rental.ch\/de\/wp-json\/wp\/v2\/media?parent=6767"}],"wp:term":[{"taxonomy":"product_brand","embeddable":true,"href":"https:\/\/swiss-bike-rental.ch\/de\/wp-json\/wp\/v2\/product_brand?post=6767"},{"taxonomy":"product_cat","embeddable":true,"href":"https:\/\/swiss-bike-rental.ch\/de\/wp-json\/wp\/v2\/product_cat?post=6767"},{"taxonomy":"product_tag","embeddable":true,"href":"https:\/\/swiss-bike-rental.ch\/de\/wp-json\/wp\/v2\/product_tag?post=6767"}],"curies":[{"name":"wp","href":"https:\/\/api.w.org\/{rel}","templated":true}]}}