{"id":6765,"date":"2023-03-24T13:38:23","date_gmt":"2023-03-24T12:38:23","guid":{"rendered":"https:\/\/swiss-bike-rental.ch\/produit\/babboe-flow-babboe-curve\/"},"modified":"2023-05-01T21:57:33","modified_gmt":"2023-05-01T19:57:33","slug":"babboe-flow-babboe-curve","status":"publish","type":"product","link":"https:\/\/swiss-bike-rental.ch\/de\/produit\/babboe-flow-babboe-curve\/","title":{"rendered":"Babboe Flow \/ Babboe Curve"},"content":{"rendered":"<p>Triporter mit 2 Sitzen. Das elektrische Cargo-Bike Babboe Mountain ist ein ideales Dreirad, um seine Kinder leichter &#8211; und spielerisch &#8211; mit dem Fahrrad zu transportieren!<\/p>\n<h2 class=\"h2\" style=\"text-align: center;\">Elektrisches Laufrad Babboe Flow Mountain<\/h2>\n<div class=\"full-description showLessOrMore\">\n<p>Das <strong>elektrische Dreirad Babboe Flow Mountain<\/strong> \u00fcbernimmt das Design und die Abmessungen des Modells Carve Mountain. Im Gegensatz zum Carve verwendet er keinen Pendelmechanismus f\u00fcr die Lenkung. Er bevorzugt das &#8222;Flow&#8220;-Erlebnis, das ein vertrauteres Fahrgef\u00fchl vermittelt, das dem eines klassischen Fahrrads \u00e4hnelt.<\/p>\n<p>Der Flow bietet eine hervorragende Balance, zwischen der nat\u00fcrlichen Stabilit\u00e4t eines Dreirads und der Wendigkeit eines gew\u00f6hnlichen Fahrrads. Bei Kurvenfahrten bleibt die Wanne an ihrem Platz und bewegt sich nicht. Die Vorderr\u00e4der sind die einzigen, die sich drehen. Man erkennt, dass die Seitenteile der Wanne ausgeh\u00f6hlt sind, um gen\u00fcgend Platz f\u00fcr die Drehung der R\u00e4der zu lassen.<\/p>\n<p>Der Babboe Flow in der Mountain-Version ist das st\u00e4rkste Modell, mit dem man auch schwierige Strecken gelassen bew\u00e4ltigen kann. Er ist ideal, wenn Sie auf Ihrer Fahrt auf lange Steigungen sto\u00dfen. F\u00fcr die Unterst\u00fctzung ist der Tretlagermotor Yamaha PW-ST zust\u00e4ndig. Sein Fahrverhalten ist besonders dynamisch, was vor allem beim Anfahren am Berg sp\u00fcrbar ist. Die 500-Wh-Batterie findet ihren Platz im Inneren des Beh\u00e4lters unter der Bank.<\/p>\n<h2 class=\"h2\" style=\"text-align: center;\">Elektrisches Cargo-Bike Babboe Curve Mountain<\/h2>\n<div class=\"full-description showLessOrMore\">\n<p>Das <strong>elektrische Cargo-Bike Babboe Curve Mountain<\/strong> ist ein ideales Dreirad, um seine Kinder leichter &#8211; und auf spielerische Weise &#8211; mit dem Fahrrad zu transportieren!<\/p>\n<p>In dieser Mountain-Variante kann das elektrische Dreirad Curve auch auf langen Steigungen effizient fahren. Wie der Name schon sagt, ist er daf\u00fcr vorgesehen, schwierige Stra\u00dfen zu befahren. Es f\u00fchlt sich in der Stadt genauso wohl wie im h\u00fcgeligen Hinterland und kann von jedem Radfahrer benutzt werden: Durch Verstellen der Sattel- und Lenkerh\u00f6he l\u00e4sst es sich auf die eigene K\u00f6rpergr\u00f6\u00dfe (zwischen 1,57 und 1,98 m) einstellen.<\/p>\n<\/div>\n<\/div>\n","protected":false},"excerpt":{"rendered":"<p>Triporter mit 2 Sitzen. Das elektrische Cargo-Bike Babboe Mountain ist ein ideales Dreirad, um seine Kinder leichter &#8211; und spielerisch &#8211; mit dem Fahrrad zu transportieren!<\/p>\n<p>Degressiver Preis :<\/p>\n<div class=\"day-ranges-pricing-plan\"><span class=\"range-days\">2 bis 3 Tage <b>-10%<\/b><\/span><\/div>\n<div class=\"day-ranges-pricing-plan\"><span class=\"range-days\">3 bis 5 Tage <b>-15%<\/b><\/span><\/div>\n<div class=\"day-ranges-pricing-plan\"><span class=\"range-days\">5 bis 8 Tage <b>-20%<\/b><\/span><\/div>\n<div class=\"day-ranges-pricing-plan\"><span class=\"range-days\">8 bis 12 Tage <b>-25%<\/b><\/span><\/div>\n","protected":false},"featured_media":6924,"template":"","meta":[],"product_brand":[],"product_cat":[101,96,102],"product_tag":[],"class_list":{"0":"post-6765","1":"product","2":"type-product","3":"status-publish","4":"has-post-thumbnail","6":"product_cat-tous-nos-velos-de","7":"product_cat-in-der-familie","8":"product_cat-in-der-stadt","10":"first","11":"instock","12":"shipping-taxable","13":"purchasable","14":"product-type-redq_rental"},"yoast_head":"<!-- This site is optimized with the Yoast SEO plugin v27.4 - https:\/\/yoast.com\/product\/yoast-seo-wordpress\/ -->\n<title>Babboe Flow \/ Babboe Curve - Swiss bike rental<\/title>\n<meta name=\"robots\" content=\"index, follow, max-snippet:-1, max-image-preview:large, max-video-preview:-1\" \/>\n<link rel=\"canonical\" href=\"https:\/\/swiss-bike-rental.ch\/de\/produit\/babboe-flow-babboe-curve\/\" \/>\n<meta property=\"og:locale\" content=\"de_DE\" \/>\n<meta property=\"og:type\" content=\"article\" \/>\n<meta property=\"og:title\" content=\"Babboe Flow \/ Babboe Curve - Swiss bike rental\" \/>\n<meta property=\"og:description\" content=\"Triporter mit 2 Sitzen. Das elektrische Cargo-Bike Babboe Mountain ist ein ideales Dreirad, um seine Kinder leichter - und spielerisch - mit dem Fahrrad zu transportieren!  Degressiver Preis : 2 bis 3 Tage -10% 3 bis 5 Tage -15% 5 bis 8 Tage -20% 8 bis 12 Tage -25%\" \/>\n<meta property=\"og:url\" content=\"https:\/\/swiss-bike-rental.ch\/de\/produit\/babboe-flow-babboe-curve\/\" \/>\n<meta property=\"og:site_name\" content=\"Swiss bike rental\" \/>\n<meta property=\"article:publisher\" content=\"https:\/\/www.facebook.com\/cyclablesuisse\" \/>\n<meta property=\"article:modified_time\" content=\"2023-05-01T19:57:33+00:00\" \/>\n<meta property=\"og:image\" content=\"https:\/\/swiss-bike-rental.ch\/wp-content\/uploads\/2023\/03\/triporteur-electrique-triobike-boxter-cl-1.jpg\" \/>\n\t<meta property=\"og:image:width\" content=\"800\" \/>\n\t<meta property=\"og:image:height\" content=\"800\" \/>\n\t<meta property=\"og:image:type\" content=\"image\/jpeg\" \/>\n<meta name=\"twitter:card\" content=\"summary_large_image\" \/>\n<meta name=\"twitter:label1\" content=\"Gesch\u00e4tzte Lesezeit\" \/>\n\t<meta name=\"twitter:data1\" content=\"2\u00a0Minuten\" \/>\n<script type=\"application\/ld+json\" class=\"yoast-schema-graph\">{\"@context\":\"https:\\\/\\\/schema.org\",\"@graph\":[{\"@type\":\"WebPage\",\"@id\":\"https:\\\/\\\/swiss-bike-rental.ch\\\/de\\\/produit\\\/babboe-flow-babboe-curve\\\/\",\"url\":\"https:\\\/\\\/swiss-bike-rental.ch\\\/de\\\/produit\\\/babboe-flow-babboe-curve\\\/\",\"name\":\"Babboe Flow \\\/ Babboe Curve - Swiss bike rental\",\"isPartOf\":{\"@id\":\"https:\\\/\\\/swiss-bike-rental.ch\\\/#website\"},\"primaryImageOfPage\":{\"@id\":\"https:\\\/\\\/swiss-bike-rental.ch\\\/de\\\/produit\\\/babboe-flow-babboe-curve\\\/#primaryimage\"},\"image\":{\"@id\":\"https:\\\/\\\/swiss-bike-rental.ch\\\/de\\\/produit\\\/babboe-flow-babboe-curve\\\/#primaryimage\"},\"thumbnailUrl\":\"https:\\\/\\\/swiss-bike-rental.ch\\\/wp-content\\\/uploads\\\/2023\\\/03\\\/triporteur-electrique-triobike-boxter-cl-1.jpg\",\"datePublished\":\"2023-03-24T12:38:23+00:00\",\"dateModified\":\"2023-05-01T19:57:33+00:00\",\"breadcrumb\":{\"@id\":\"https:\\\/\\\/swiss-bike-rental.ch\\\/de\\\/produit\\\/babboe-flow-babboe-curve\\\/#breadcrumb\"},\"inLanguage\":\"de\",\"potentialAction\":[{\"@type\":\"ReadAction\",\"target\":[\"https:\\\/\\\/swiss-bike-rental.ch\\\/de\\\/produit\\\/babboe-flow-babboe-curve\\\/\"]}]},{\"@type\":\"ImageObject\",\"inLanguage\":\"de\",\"@id\":\"https:\\\/\\\/swiss-bike-rental.ch\\\/de\\\/produit\\\/babboe-flow-babboe-curve\\\/#primaryimage\",\"url\":\"https:\\\/\\\/swiss-bike-rental.ch\\\/wp-content\\\/uploads\\\/2023\\\/03\\\/triporteur-electrique-triobike-boxter-cl-1.jpg\",\"contentUrl\":\"https:\\\/\\\/swiss-bike-rental.ch\\\/wp-content\\\/uploads\\\/2023\\\/03\\\/triporteur-electrique-triobike-boxter-cl-1.jpg\",\"width\":800,\"height\":800},{\"@type\":\"BreadcrumbList\",\"@id\":\"https:\\\/\\\/swiss-bike-rental.ch\\\/de\\\/produit\\\/babboe-flow-babboe-curve\\\/#breadcrumb\",\"itemListElement\":[{\"@type\":\"ListItem\",\"position\":1,\"name\":\"Accueil\",\"item\":\"https:\\\/\\\/swiss-bike-rental.ch\\\/de\\\/\"},{\"@type\":\"ListItem\",\"position\":2,\"name\":\"Nos v\u00e9los en location\",\"item\":\"https:\\\/\\\/swiss-bike-rental.ch\\\/boutique\\\/\"},{\"@type\":\"ListItem\",\"position\":3,\"name\":\"Babboe Flow \\\/ Babboe Curve\"}]},{\"@type\":\"WebSite\",\"@id\":\"https:\\\/\\\/swiss-bike-rental.ch\\\/#website\",\"url\":\"https:\\\/\\\/swiss-bike-rental.ch\\\/\",\"name\":\"Swiss Bike Rental\",\"description\":\"D\u00e9vouvrez les bords du L\u00e9man en v\u00e9lo \u00e9lectrique !\",\"publisher\":{\"@id\":\"https:\\\/\\\/swiss-bike-rental.ch\\\/#organization\"},\"potentialAction\":[{\"@type\":\"SearchAction\",\"target\":{\"@type\":\"EntryPoint\",\"urlTemplate\":\"https:\\\/\\\/swiss-bike-rental.ch\\\/?s={search_term_string}\"},\"query-input\":{\"@type\":\"PropertyValueSpecification\",\"valueRequired\":true,\"valueName\":\"search_term_string\"}}],\"inLanguage\":\"de\"},{\"@type\":\"Organization\",\"@id\":\"https:\\\/\\\/swiss-bike-rental.ch\\\/#organization\",\"name\":\"Swiss Bike Rental\",\"url\":\"https:\\\/\\\/swiss-bike-rental.ch\\\/\",\"logo\":{\"@type\":\"ImageObject\",\"inLanguage\":\"de\",\"@id\":\"https:\\\/\\\/swiss-bike-rental.ch\\\/#\\\/schema\\\/logo\\\/image\\\/\",\"url\":\"https:\\\/\\\/swiss-bike-rental.ch\\\/wp-content\\\/uploads\\\/2023\\\/03\\\/logo_location.png\",\"contentUrl\":\"https:\\\/\\\/swiss-bike-rental.ch\\\/wp-content\\\/uploads\\\/2023\\\/03\\\/logo_location.png\",\"width\":663,\"height\":255,\"caption\":\"Swiss Bike Rental\"},\"image\":{\"@id\":\"https:\\\/\\\/swiss-bike-rental.ch\\\/#\\\/schema\\\/logo\\\/image\\\/\"},\"sameAs\":[\"https:\\\/\\\/www.facebook.com\\\/cyclablesuisse\",\"https:\\\/\\\/www.instagram.com\\\/cyclable_suisse\\\/\"]}]}<\/script>\n<!-- \/ Yoast SEO plugin. -->","yoast_head_json":{"title":"Babboe Flow \/ Babboe Curve - Swiss bike rental","robots":{"index":"index","follow":"follow","max-snippet":"max-snippet:-1","max-image-preview":"max-image-preview:large","max-video-preview":"max-video-preview:-1"},"canonical":"https:\/\/swiss-bike-rental.ch\/de\/produit\/babboe-flow-babboe-curve\/","og_locale":"de_DE","og_type":"article","og_title":"Babboe Flow \/ Babboe Curve - Swiss bike rental","og_description":"Triporter mit 2 Sitzen. Das elektrische Cargo-Bike Babboe Mountain ist ein ideales Dreirad, um seine Kinder leichter - und spielerisch - mit dem Fahrrad zu transportieren!  Degressiver Preis : 2 bis 3 Tage -10% 3 bis 5 Tage -15% 5 bis 8 Tage -20% 8 bis 12 Tage -25%","og_url":"https:\/\/swiss-bike-rental.ch\/de\/produit\/babboe-flow-babboe-curve\/","og_site_name":"Swiss bike rental","article_publisher":"https:\/\/www.facebook.com\/cyclablesuisse","article_modified_time":"2023-05-01T19:57:33+00:00","og_image":[{"width":800,"height":800,"url":"https:\/\/swiss-bike-rental.ch\/wp-content\/uploads\/2023\/03\/triporteur-electrique-triobike-boxter-cl-1.jpg","type":"image\/jpeg"}],"twitter_card":"summary_large_image","twitter_misc":{"Gesch\u00e4tzte Lesezeit":"2\u00a0Minuten"},"schema":{"@context":"https:\/\/schema.org","@graph":[{"@type":"WebPage","@id":"https:\/\/swiss-bike-rental.ch\/de\/produit\/babboe-flow-babboe-curve\/","url":"https:\/\/swiss-bike-rental.ch\/de\/produit\/babboe-flow-babboe-curve\/","name":"Babboe Flow \/ Babboe Curve - Swiss bike rental","isPartOf":{"@id":"https:\/\/swiss-bike-rental.ch\/#website"},"primaryImageOfPage":{"@id":"https:\/\/swiss-bike-rental.ch\/de\/produit\/babboe-flow-babboe-curve\/#primaryimage"},"image":{"@id":"https:\/\/swiss-bike-rental.ch\/de\/produit\/babboe-flow-babboe-curve\/#primaryimage"},"thumbnailUrl":"https:\/\/swiss-bike-rental.ch\/wp-content\/uploads\/2023\/03\/triporteur-electrique-triobike-boxter-cl-1.jpg","datePublished":"2023-03-24T12:38:23+00:00","dateModified":"2023-05-01T19:57:33+00:00","breadcrumb":{"@id":"https:\/\/swiss-bike-rental.ch\/de\/produit\/babboe-flow-babboe-curve\/#breadcrumb"},"inLanguage":"de","potentialAction":[{"@type":"ReadAction","target":["https:\/\/swiss-bike-rental.ch\/de\/produit\/babboe-flow-babboe-curve\/"]}]},{"@type":"ImageObject","inLanguage":"de","@id":"https:\/\/swiss-bike-rental.ch\/de\/produit\/babboe-flow-babboe-curve\/#primaryimage","url":"https:\/\/swiss-bike-rental.ch\/wp-content\/uploads\/2023\/03\/triporteur-electrique-triobike-boxter-cl-1.jpg","contentUrl":"https:\/\/swiss-bike-rental.ch\/wp-content\/uploads\/2023\/03\/triporteur-electrique-triobike-boxter-cl-1.jpg","width":800,"height":800},{"@type":"BreadcrumbList","@id":"https:\/\/swiss-bike-rental.ch\/de\/produit\/babboe-flow-babboe-curve\/#breadcrumb","itemListElement":[{"@type":"ListItem","position":1,"name":"Accueil","item":"https:\/\/swiss-bike-rental.ch\/de\/"},{"@type":"ListItem","position":2,"name":"Nos v\u00e9los en location","item":"https:\/\/swiss-bike-rental.ch\/boutique\/"},{"@type":"ListItem","position":3,"name":"Babboe Flow \/ Babboe Curve"}]},{"@type":"WebSite","@id":"https:\/\/swiss-bike-rental.ch\/#website","url":"https:\/\/swiss-bike-rental.ch\/","name":"Swiss Bike Rental","description":"D\u00e9vouvrez les bords du L\u00e9man en v\u00e9lo \u00e9lectrique !","publisher":{"@id":"https:\/\/swiss-bike-rental.ch\/#organization"},"potentialAction":[{"@type":"SearchAction","target":{"@type":"EntryPoint","urlTemplate":"https:\/\/swiss-bike-rental.ch\/?s={search_term_string}"},"query-input":{"@type":"PropertyValueSpecification","valueRequired":true,"valueName":"search_term_string"}}],"inLanguage":"de"},{"@type":"Organization","@id":"https:\/\/swiss-bike-rental.ch\/#organization","name":"Swiss Bike Rental","url":"https:\/\/swiss-bike-rental.ch\/","logo":{"@type":"ImageObject","inLanguage":"de","@id":"https:\/\/swiss-bike-rental.ch\/#\/schema\/logo\/image\/","url":"https:\/\/swiss-bike-rental.ch\/wp-content\/uploads\/2023\/03\/logo_location.png","contentUrl":"https:\/\/swiss-bike-rental.ch\/wp-content\/uploads\/2023\/03\/logo_location.png","width":663,"height":255,"caption":"Swiss Bike Rental"},"image":{"@id":"https:\/\/swiss-bike-rental.ch\/#\/schema\/logo\/image\/"},"sameAs":["https:\/\/www.facebook.com\/cyclablesuisse","https:\/\/www.instagram.com\/cyclable_suisse\/"]}]}},"_links":{"self":[{"href":"https:\/\/swiss-bike-rental.ch\/de\/wp-json\/wp\/v2\/product\/6765","targetHints":{"allow":["GET"]}}],"collection":[{"href":"https:\/\/swiss-bike-rental.ch\/de\/wp-json\/wp\/v2\/product"}],"about":[{"href":"https:\/\/swiss-bike-rental.ch\/de\/wp-json\/wp\/v2\/types\/product"}],"wp:featuredmedia":[{"embeddable":true,"href":"https:\/\/swiss-bike-rental.ch\/de\/wp-json\/wp\/v2\/media\/6924"}],"wp:attachment":[{"href":"https:\/\/swiss-bike-rental.ch\/de\/wp-json\/wp\/v2\/media?parent=6765"}],"wp:term":[{"taxonomy":"product_brand","embeddable":true,"href":"https:\/\/swiss-bike-rental.ch\/de\/wp-json\/wp\/v2\/product_brand?post=6765"},{"taxonomy":"product_cat","embeddable":true,"href":"https:\/\/swiss-bike-rental.ch\/de\/wp-json\/wp\/v2\/product_cat?post=6765"},{"taxonomy":"product_tag","embeddable":true,"href":"https:\/\/swiss-bike-rental.ch\/de\/wp-json\/wp\/v2\/product_tag?post=6765"}],"curies":[{"name":"wp","href":"https:\/\/api.w.org\/{rel}","templated":true}]}}